{"id":5527,"date":"2019-07-08T09:19:22","date_gmt":"2019-07-08T09:19:22","guid":{"rendered":"https:\/\/sequallumber.co.nz\/trang-chu\/"},"modified":"2023-11-22T21:45:04","modified_gmt":"2023-11-22T08:45:04","slug":"trang-chu","status":"publish","type":"page","link":"https:\/\/sequal.nz\/vi\/","title":{"rendered":"Trang ch\u1ee7"},"content":{"rendered":"<section class=\"l-section wpb_row height_auto width_full\"><div class=\"l-section-h i-cf\"><div class=\"g-cols vc_row via_flex valign_top type_default stacking_default\"><div class=\"vc_col-sm-12 vc_hidden-xs wpb_column vc_column_container\"><div class=\"vc_column-inner\"><div class=\"wpb_wrapper\">[rev_slider_vc alias=&#8221;vietnamese-home-slider-desktop&#8221;]<\/div><\/div><\/div><\/div><\/div><\/section><!-- Row Backgrounds --><div class=\"upb_color\" data-bg-override=\"0\" data-bg-color=\"rgba(0,0,0,0.01)\" data-fadeout=\"\" data-fadeout-percentage=\"30\" data-parallax-content=\"\" data-parallax-content-sense=\"30\" data-row-effect-mobile-disable=\"true\" data-img-parallax-mobile-disable=\"true\" data-rtl=\"false\"  data-custom-vc-row=\"\"  data-vc=\"7.7.2\"  data-is_old_vc=\"\"  data-theme-support=\"\"   data-overlay=\"false\" data-overlay-color=\"\" data-overlay-pattern=\"\" data-overlay-pattern-opacity=\"\" data-overlay-pattern-size=\"\"     data-hide-row=\" uvc_hidden-xs  uvc_hidden-xsl \" ><\/div><section class=\"l-section wpb_row height_auto width_full\"><div class=\"l-section-h i-cf\"><div class=\"g-cols vc_row via_flex valign_top type_default stacking_default\"><div class=\"vc_col-sm-12 vc_hidden-lg vc_hidden-md vc_hidden-sm wpb_column vc_column_container\"><div class=\"vc_column-inner\"><div class=\"wpb_wrapper\">[rev_slider_vc alias=&#8221;vietnamese-home-slider-mobile&#8221;]<\/div><\/div><\/div><\/div><\/div><\/section><!-- Row Backgrounds --><div class=\"upb_color\" data-bg-override=\"0\" data-bg-color=\"\" data-fadeout=\"\" data-fadeout-percentage=\"30\" data-parallax-content=\"\" data-parallax-content-sense=\"30\" data-row-effect-mobile-disable=\"true\" data-img-parallax-mobile-disable=\"true\" data-rtl=\"false\"  data-custom-vc-row=\"\"  data-vc=\"7.7.2\"  data-is_old_vc=\"\"  data-theme-support=\"\"   data-overlay=\"false\" data-overlay-color=\"\" data-overlay-pattern=\"\" data-overlay-pattern-opacity=\"\" data-overlay-pattern-size=\"\"     data-hide-row=\" uvc_hidden-lg  uvc_hidden-ml  uvc_hidden-md  uvc_hidden-sm \" ><\/div><section class=\"l-section wpb_row home_bg home_btns height_medium full_height valign_center with_img parallax_ver\"><div class=\"l-section-img\" role=\"img\" data-img-width=\"1920\" data-img-height=\"1004\" style=\"background-image: url(https:\/\/sequal.nz\/wp-content\/uploads\/2019\/01\/Home_Grow-By-Giving.jpg);\"><\/div><div class=\"l-section-h i-cf\"><div class=\"g-cols vc_row via_flex valign_middle type_default stacking_default\"><div class=\"vc_col-sm-12 wpb_column vc_column_container has_text_color\"><div class=\"vc_column-inner us_custom_6df4bc3a\"><div class=\"wpb_wrapper\"><div class=\"wpb_text_column\"><div class=\"wpb_wrapper\"><h2 style=\"text-align: center;\"><a href=\"https:\/\/sequal.nz\/vi\/triet-ly-cua-chung-toi\/\">PH\u00c1T TRI\u1ec2N B\u1eb0NG VI\u1ec6C TRAO \u0110I<\/a><\/h2>\n<h4 style=\"text-align: center;\">TRI\u1ebeT L\u00dd C\u1ee6A CH\u00daNG T\u00d4I<\/h4>\n<\/div><\/div><div class=\"w-btn-wrapper align_center\"><a class=\"w-btn us-btn-style_1 us_custom_80a192e9\" href=\"https:\/\/sequal.nz\/vi\/triet-ly-cua-chung-toi\/\"><span class=\"w-btn-label\">Ni\u1ec1m tin c\u1ee7a ch\u00fang t\u00f4i<\/span><\/a><\/div><\/div><\/div><\/div><\/div><\/div><\/section><section class=\"l-section wpb_row home_bg home_btns height_medium full_height valign_center with_img parallax_ver\"><div class=\"l-section-img\" role=\"img\" data-img-width=\"1920\" data-img-height=\"1003\" style=\"background-image: url(https:\/\/sequal.nz\/wp-content\/uploads\/2019\/01\/Home_Our-Product.jpg);\"><\/div><div class=\"l-section-h i-cf\"><div class=\"g-cols vc_row via_flex valign_middle type_default stacking_default\"><div class=\"vc_col-sm-12 wpb_column vc_column_container has_text_color\"><div class=\"vc_column-inner us_custom_6df4bc3a\"><div class=\"wpb_wrapper\"><div class=\"wpb_text_column\"><div class=\"wpb_wrapper\"><h2 style=\"text-align: center;\"><a href=\"https:\/\/sequal.nz\/vi\/san-pham\/\">CUNG \u1ee8NG KH\u00d4NG CH\u1ec8 G\u1ed6<\/a><\/h2>\n<h4 style=\"text-align: center;\">S\u1ea2N PH\u1ea8M<\/h4>\n<\/div><\/div><div class=\"w-btn-wrapper align_center\"><a class=\"w-btn us-btn-style_1 us_custom_80a192e9\" href=\"https:\/\/sequal.nz\/vi\/san-pham\/\"><span class=\"w-btn-label\">\u0110i\u1ec1u ch\u00fang t\u00f4i l\u00e0m<\/span><\/a><\/div><\/div><\/div><\/div><\/div><\/div><\/section><section class=\"l-section wpb_row home_bg home_btns height_medium full_height valign_center with_img parallax_ver\"><div class=\"l-section-img\" role=\"img\" data-img-width=\"1920\" data-img-height=\"1003\" style=\"background-image: url(https:\/\/sequal.nz\/wp-content\/uploads\/2019\/01\/Home_Our-Committment.jpg);\"><\/div><div class=\"l-section-h i-cf\"><div class=\"g-cols vc_row via_flex valign_middle type_default stacking_default\"><div class=\"vc_col-sm-12 wpb_column vc_column_container has_text_color\"><div class=\"vc_column-inner us_custom_6df4bc3a\"><div class=\"wpb_wrapper\"><div class=\"wpb_text_column\"><div class=\"wpb_wrapper\"><h2 style=\"text-align: center;\"><a href=\"https:\/\/sequal.nz\/vi\/cam-on\/\">T\u1ea0O TH\u00caM GI\u00c1 TR\u1eca CHO T\u01af\u01a0NG LAI<\/a><\/h2>\n<h4 style=\"text-align: center;\">CAM K\u1ebeT C\u1ee6A CH\u00daNG T\u00d4I<\/h4>\n<\/div><\/div><div class=\"w-btn-wrapper align_center\"><a class=\"w-btn us-btn-style_1 us_custom_80a192e9\" href=\"https:\/\/sequal.nz\/vi\/cam-on\/\"><span class=\"w-btn-label\">\u0110i\u1ec1u ch\u00fang t\u00f4i \u0111\u1ea1i di\u1ec7n<\/span><\/a><\/div><\/div><\/div><\/div><\/div><\/div><\/section><section class=\"l-section wpb_row home_bg home_btns height_medium full_height valign_center with_img parallax_ver\"><div class=\"l-section-img\" role=\"img\" data-img-width=\"1920\" data-img-height=\"1004\" style=\"background-image: url(https:\/\/sequal.nz\/wp-content\/uploads\/2019\/01\/Home_Contact-Us.jpg);background-position: bottom center;background-repeat: no-repeat;\"><\/div><div class=\"l-section-h i-cf\"><div class=\"g-cols vc_row via_flex valign_middle type_default stacking_default\"><div class=\"vc_col-sm-12 wpb_column vc_column_container has_text_color\"><div class=\"vc_column-inner us_custom_6df4bc3a\"><div class=\"wpb_wrapper\"><div class=\"wpb_text_column\"><div class=\"wpb_wrapper\"><h2 style=\"text-align: center;\"><a href=\"https:\/\/sequal.nz\/vi\/lien-he\/\">LI\u00caN H\u1ec6<\/a><\/h2>\n<\/div><\/div><div class=\"w-btn-wrapper align_center\"><a class=\"w-btn us-btn-style_1 us_custom_80a192e9\" href=\"https:\/\/sequal.nz\/vi\/lien-he\/\"><span class=\"w-btn-label\">Li\u00ean h\u1ec7 v\u1edbi ch\u00fang t\u00f4i<\/span><\/a><\/div><\/div><\/div><\/div><\/div><\/div><\/section>\n","protected":false},"excerpt":{"rendered":"<p>M\u1ed9t s\u1ed1 ng\u01b0\u1eddi tin r\u1eb1ng \u0111\u1ec3 c\u00f3 th\u00eam th\u00ec c\u1ea7n ph\u1ea3i l\u1ea5y th\u00eam, v\u00e0 trong m\u1ed9t m\u1ed1i quan h\u1ec7 s\u1ebd c\u00f3 k\u1ebb th\u1eafng ng\u01b0\u1eddi thua&#8230; nh\u01b0ng ch\u00fang t\u00f4i kh\u00f4ng c\u00f3 ni\u1ec1m tin nh\u01b0 v\u1eady. Ch\u00fang t\u00f4i tin r\u1eb1ng s\u1ef1 t\u0103ng tr\u01b0\u1edfng b\u1ec1n v\u1eefng nh\u1ea5t s\u1ebd \u0111\u1ea1t \u0111\u01b0\u1ee3c khi m\u1ecdi ng\u01b0\u1eddi c\u00f9ng h\u01b0\u1edbng \u0111\u1ebfn gi\u00fap \u0111\u1ee1 nhau c\u00f9ng ph\u00e1t tri\u1ec3n &#8211; ch\u00fang t\u00f4i tin t\u01b0\u1edfng r\u1eb1ng b\u1ea1n l\u1edbn m\u1ea1nh h\u01a1n khi b\u1ea1n cho \u0111i nhi\u1ec1u h\u01a1n.<\/p>\n","protected":false},"author":4,"featured_media":0,"parent":0,"menu_order":2,"comment_status":"closed","ping_status":"closed","template":"","meta":{"content-type":"","_joinchat":[],"footnotes":""},"class_list":["post-5527","page","type-page","status-publish","hentry"],"yoast_head":"<!-- This site is optimized with the Yoast SEO plugin v27.0 - https:\/\/yoast.com\/product\/yoast-seo-wordpress\/ -->\n<title>Trang ch\u1ee7 - Sequal Lumber Global Lumber Supplier<\/title>\n<meta name=\"description\" content=\"Sequal Lumber l\u00e0 c\u00f4ng ty cung c\u1ea5p g\u1ed7 th\u00f4ng Radiata h\u00e0ng \u0111\u1ea7u c\u1ee7a New Zealand G\u1ed7 th\u00f4ng c\u1ee7a ch\u00fang t\u00f4i \u0111\u01b0\u1ee3c c\u1eaft v\u1edbi \u0111\u1ed9 ph\u1eb3ng t\u01b0\u01a1ng \u0111\u01b0\u01a1ng nh\u01b0 m\u00e1y b\u00e0o v\u00e0 theo m\u1ecdi y\u00eau c\u1ea7u v\u1ec1 k\u00edch th\u01b0\u1edbc c\u1ee7a kh\u00e1ch h\u00e0ng.\" \/>\n<meta name=\"robots\" content=\"index, follow, max-snippet:-1, max-image-preview:large, max-video-preview:-1\" \/>\n<link rel=\"canonical\" href=\"https:\/\/sequal.nz\/vi\/\" \/>\n<meta property=\"og:locale\" content=\"vi_VN\" \/>\n<meta property=\"og:type\" content=\"article\" \/>\n<meta property=\"og:title\" content=\"Trang ch\u1ee7 - Sequal Lumber Global Lumber Supplier\" \/>\n<meta property=\"og:description\" content=\"Sequal Lumber l\u00e0 c\u00f4ng ty cung c\u1ea5p g\u1ed7 th\u00f4ng Radiata h\u00e0ng \u0111\u1ea7u c\u1ee7a New Zealand G\u1ed7 th\u00f4ng c\u1ee7a ch\u00fang t\u00f4i \u0111\u01b0\u1ee3c c\u1eaft v\u1edbi \u0111\u1ed9 ph\u1eb3ng t\u01b0\u01a1ng \u0111\u01b0\u01a1ng nh\u01b0 m\u00e1y b\u00e0o v\u00e0 theo m\u1ecdi y\u00eau c\u1ea7u v\u1ec1 k\u00edch th\u01b0\u1edbc c\u1ee7a kh\u00e1ch h\u00e0ng.\" \/>\n<meta property=\"og:url\" content=\"https:\/\/sequal.nz\/vi\/\" \/>\n<meta property=\"og:site_name\" content=\"Sequal Lumber Global Lumber Supplier\" \/>\n<meta property=\"article:publisher\" content=\"https:\/\/www.facebook.com\/sequallumber\/\" \/>\n<meta property=\"article:modified_time\" content=\"2023-11-22T08:45:04+00:00\" \/>\n<meta name=\"twitter:card\" content=\"summary_large_image\" \/>\n<meta name=\"twitter:label1\" content=\"Est. reading time\" \/>\n\t<meta name=\"twitter:data1\" content=\"1 minute\" \/>\n<script type=\"application\/ld+json\" class=\"yoast-schema-graph\">{\"@context\":\"https:\/\/schema.org\",\"@graph\":[{\"@type\":\"WebPage\",\"@id\":\"https:\/\/sequal.nz\/vi\/\",\"url\":\"https:\/\/sequal.nz\/vi\/\",\"name\":\"Trang ch\u1ee7 - Sequal Lumber Global Lumber Supplier\",\"isPartOf\":{\"@id\":\"https:\/\/sequal.nz\/vi\/#website\"},\"datePublished\":\"2019-07-08T09:19:22+00:00\",\"dateModified\":\"2023-11-22T08:45:04+00:00\",\"description\":\"Sequal Lumber l\u00e0 c\u00f4ng ty cung c\u1ea5p g\u1ed7 th\u00f4ng Radiata h\u00e0ng \u0111\u1ea7u c\u1ee7a New Zealand G\u1ed7 th\u00f4ng c\u1ee7a ch\u00fang t\u00f4i \u0111\u01b0\u1ee3c c\u1eaft v\u1edbi \u0111\u1ed9 ph\u1eb3ng t\u01b0\u01a1ng \u0111\u01b0\u01a1ng nh\u01b0 m\u00e1y b\u00e0o v\u00e0 theo m\u1ecdi y\u00eau c\u1ea7u v\u1ec1 k\u00edch th\u01b0\u1edbc c\u1ee7a kh\u00e1ch h\u00e0ng.\",\"breadcrumb\":{\"@id\":\"https:\/\/sequal.nz\/vi\/#breadcrumb\"},\"inLanguage\":\"vi-VN\",\"potentialAction\":[{\"@type\":\"ReadAction\",\"target\":[\"https:\/\/sequal.nz\/vi\/\"]}]},{\"@type\":\"BreadcrumbList\",\"@id\":\"https:\/\/sequal.nz\/vi\/#breadcrumb\",\"itemListElement\":[{\"@type\":\"ListItem\",\"position\":1,\"name\":\"Home\",\"item\":\"https:\/\/sequal.nz\/vi\/\"},{\"@type\":\"ListItem\",\"position\":2,\"name\":\"Trang ch\u1ee7\"}]},{\"@type\":\"WebSite\",\"@id\":\"https:\/\/sequal.nz\/vi\/#website\",\"url\":\"https:\/\/sequal.nz\/vi\/\",\"name\":\"Sequal\",\"description\":\"Give More\",\"publisher\":{\"@id\":\"https:\/\/sequal.nz\/vi\/#organization\"},\"potentialAction\":[{\"@type\":\"SearchAction\",\"target\":{\"@type\":\"EntryPoint\",\"urlTemplate\":\"https:\/\/sequal.nz\/vi\/?s={search_term_string}\"},\"query-input\":{\"@type\":\"PropertyValueSpecification\",\"valueRequired\":true,\"valueName\":\"search_term_string\"}}],\"inLanguage\":\"vi-VN\"},{\"@type\":\"Organization\",\"@id\":\"https:\/\/sequal.nz\/vi\/#organization\",\"name\":\"Sequal Lumber Global Lumber Supplier\",\"url\":\"https:\/\/sequal.nz\/vi\/\",\"logo\":{\"@type\":\"ImageObject\",\"inLanguage\":\"vi-VN\",\"@id\":\"https:\/\/sequal.nz\/vi\/#\/schema\/logo\/image\/\",\"url\":\"https:\/\/sequal.nz\/wp-content\/uploads\/2019\/01\/image-1.png\",\"contentUrl\":\"https:\/\/sequal.nz\/wp-content\/uploads\/2019\/01\/image-1.png\",\"width\":155,\"height\":159,\"caption\":\"Sequal Lumber Global Lumber Supplier\"},\"image\":{\"@id\":\"https:\/\/sequal.nz\/vi\/#\/schema\/logo\/image\/\"},\"sameAs\":[\"https:\/\/www.facebook.com\/sequallumber\/\"]}]}<\/script>\n<!-- \/ Yoast SEO plugin. -->","yoast_head_json":{"title":"Trang ch\u1ee7 - Sequal Lumber Global Lumber Supplier","description":"Sequal Lumber l\u00e0 c\u00f4ng ty cung c\u1ea5p g\u1ed7 th\u00f4ng Radiata h\u00e0ng \u0111\u1ea7u c\u1ee7a New Zealand G\u1ed7 th\u00f4ng c\u1ee7a ch\u00fang t\u00f4i \u0111\u01b0\u1ee3c c\u1eaft v\u1edbi \u0111\u1ed9 ph\u1eb3ng t\u01b0\u01a1ng \u0111\u01b0\u01a1ng nh\u01b0 m\u00e1y b\u00e0o v\u00e0 theo m\u1ecdi y\u00eau c\u1ea7u v\u1ec1 k\u00edch th\u01b0\u1edbc c\u1ee7a kh\u00e1ch h\u00e0ng.","robots":{"index":"index","follow":"follow","max-snippet":"max-snippet:-1","max-image-preview":"max-image-preview:large","max-video-preview":"max-video-preview:-1"},"canonical":"https:\/\/sequal.nz\/vi\/","og_locale":"vi_VN","og_type":"article","og_title":"Trang ch\u1ee7 - Sequal Lumber Global Lumber Supplier","og_description":"Sequal Lumber l\u00e0 c\u00f4ng ty cung c\u1ea5p g\u1ed7 th\u00f4ng Radiata h\u00e0ng \u0111\u1ea7u c\u1ee7a New Zealand G\u1ed7 th\u00f4ng c\u1ee7a ch\u00fang t\u00f4i \u0111\u01b0\u1ee3c c\u1eaft v\u1edbi \u0111\u1ed9 ph\u1eb3ng t\u01b0\u01a1ng \u0111\u01b0\u01a1ng nh\u01b0 m\u00e1y b\u00e0o v\u00e0 theo m\u1ecdi y\u00eau c\u1ea7u v\u1ec1 k\u00edch th\u01b0\u1edbc c\u1ee7a kh\u00e1ch h\u00e0ng.","og_url":"https:\/\/sequal.nz\/vi\/","og_site_name":"Sequal Lumber Global Lumber Supplier","article_publisher":"https:\/\/www.facebook.com\/sequallumber\/","article_modified_time":"2023-11-22T08:45:04+00:00","twitter_card":"summary_large_image","twitter_misc":{"Est. reading time":"1 minute"},"schema":{"@context":"https:\/\/schema.org","@graph":[{"@type":"WebPage","@id":"https:\/\/sequal.nz\/vi\/","url":"https:\/\/sequal.nz\/vi\/","name":"Trang ch\u1ee7 - Sequal Lumber Global Lumber Supplier","isPartOf":{"@id":"https:\/\/sequal.nz\/vi\/#website"},"datePublished":"2019-07-08T09:19:22+00:00","dateModified":"2023-11-22T08:45:04+00:00","description":"Sequal Lumber l\u00e0 c\u00f4ng ty cung c\u1ea5p g\u1ed7 th\u00f4ng Radiata h\u00e0ng \u0111\u1ea7u c\u1ee7a New Zealand G\u1ed7 th\u00f4ng c\u1ee7a ch\u00fang t\u00f4i \u0111\u01b0\u1ee3c c\u1eaft v\u1edbi \u0111\u1ed9 ph\u1eb3ng t\u01b0\u01a1ng \u0111\u01b0\u01a1ng nh\u01b0 m\u00e1y b\u00e0o v\u00e0 theo m\u1ecdi y\u00eau c\u1ea7u v\u1ec1 k\u00edch th\u01b0\u1edbc c\u1ee7a kh\u00e1ch h\u00e0ng.","breadcrumb":{"@id":"https:\/\/sequal.nz\/vi\/#breadcrumb"},"inLanguage":"vi-VN","potentialAction":[{"@type":"ReadAction","target":["https:\/\/sequal.nz\/vi\/"]}]},{"@type":"BreadcrumbList","@id":"https:\/\/sequal.nz\/vi\/#breadcrumb","itemListElement":[{"@type":"ListItem","position":1,"name":"Home","item":"https:\/\/sequal.nz\/vi\/"},{"@type":"ListItem","position":2,"name":"Trang ch\u1ee7"}]},{"@type":"WebSite","@id":"https:\/\/sequal.nz\/vi\/#website","url":"https:\/\/sequal.nz\/vi\/","name":"Sequal","description":"Give More","publisher":{"@id":"https:\/\/sequal.nz\/vi\/#organization"},"potentialAction":[{"@type":"SearchAction","target":{"@type":"EntryPoint","urlTemplate":"https:\/\/sequal.nz\/vi\/?s={search_term_string}"},"query-input":{"@type":"PropertyValueSpecification","valueRequired":true,"valueName":"search_term_string"}}],"inLanguage":"vi-VN"},{"@type":"Organization","@id":"https:\/\/sequal.nz\/vi\/#organization","name":"Sequal Lumber Global Lumber Supplier","url":"https:\/\/sequal.nz\/vi\/","logo":{"@type":"ImageObject","inLanguage":"vi-VN","@id":"https:\/\/sequal.nz\/vi\/#\/schema\/logo\/image\/","url":"https:\/\/sequal.nz\/wp-content\/uploads\/2019\/01\/image-1.png","contentUrl":"https:\/\/sequal.nz\/wp-content\/uploads\/2019\/01\/image-1.png","width":155,"height":159,"caption":"Sequal Lumber Global Lumber Supplier"},"image":{"@id":"https:\/\/sequal.nz\/vi\/#\/schema\/logo\/image\/"},"sameAs":["https:\/\/www.facebook.com\/sequallumber\/"]}]}},"_links":{"self":[{"href":"https:\/\/sequal.nz\/vi\/wp-json\/wp\/v2\/pages\/5527","targetHints":{"allow":["GET"]}}],"collection":[{"href":"https:\/\/sequal.nz\/vi\/wp-json\/wp\/v2\/pages"}],"about":[{"href":"https:\/\/sequal.nz\/vi\/wp-json\/wp\/v2\/types\/page"}],"author":[{"embeddable":true,"href":"https:\/\/sequal.nz\/vi\/wp-json\/wp\/v2\/users\/4"}],"replies":[{"embeddable":true,"href":"https:\/\/sequal.nz\/vi\/wp-json\/wp\/v2\/comments?post=5527"}],"version-history":[{"count":10,"href":"https:\/\/sequal.nz\/vi\/wp-json\/wp\/v2\/pages\/5527\/revisions"}],"predecessor-version":[{"id":9901,"href":"https:\/\/sequal.nz\/vi\/wp-json\/wp\/v2\/pages\/5527\/revisions\/9901"}],"wp:attachment":[{"href":"https:\/\/sequal.nz\/vi\/wp-json\/wp\/v2\/media?parent=5527"}],"curies":[{"name":"wp","href":"https:\/\/api.w.org\/{rel}","templated":true}]}}