{"id":6776,"date":"2019-07-10T05:09:40","date_gmt":"2019-07-10T05:09:40","guid":{"rendered":"https:\/\/sequallumber.co.nz\/lien-he\/"},"modified":"2025-08-27T17:33:09","modified_gmt":"2025-08-27T05:33:09","slug":"lien-he","status":"publish","type":"page","link":"https:\/\/sequal.nz\/vi\/lien-he\/","title":{"rendered":"Li\u00ean h\u1ec7"},"content":{"rendered":"<section class=\"l-section wpb_row page_common_head height_medium full_height valign_center with_img parallax_ver\"><div class=\"l-section-img\" role=\"img\" data-img-width=\"1980\" data-img-height=\"1035\" style=\"background-image: url(https:\/\/sequal.nz\/wp-content\/uploads\/2019\/01\/Assets__Home_Contact-Us-2.jpg);background-position: bottom center;background-repeat: no-repeat;\"><\/div><div class=\"l-section-h i-cf\"><div class=\"g-cols vc_row via_flex valign_middle type_default stacking_default\"><div class=\"vc_col-sm-12 wpb_column vc_column_container has_text_color\"><div class=\"vc_column-inner us_custom_6df4bc3a\"><div class=\"wpb_wrapper\"><div class=\"wpb_text_column\"><div class=\"wpb_wrapper\"><h1 style=\"text-align: center;\">LI\u00caN H\u1ec6<\/h1>\n<\/div><\/div><\/div><\/div><\/div><\/div><\/div><\/section><section class=\"l-section wpb_row page_bouncing_arrow height_auto\"><div class=\"l-section-h i-cf\"><div class=\"g-cols vc_row via_flex valign_top type_default stacking_default\"><div class=\"vc_col-sm-12 wpb_column vc_column_container\"><div class=\"vc_column-inner\"><div class=\"wpb_wrapper\"><div class=\"w-image align_center\"><a href=\"#page-scroll-arrow\" aria-label=\"Down-Arrow\" class=\"w-image-h\"><img decoding=\"async\" width=\"27\" height=\"50\" src=\"https:\/\/sequal.nz\/wp-content\/uploads\/2018\/01\/Down-Arrow.png\" class=\"attachment-full size-full\" alt=\"\" loading=\"lazy\" \/><\/a><\/div><\/div><\/div><\/div><\/div><\/div><\/section><section class=\"l-section wpb_row findus height_medium color_alternate\" id=\"page-scroll-arrow\"><div class=\"l-section-overlay\" style=\"background:#ededed\"><\/div><div class=\"l-section-h i-cf\"><div class=\"g-cols vc_row via_flex valign_top type_default stacking_default\"><div class=\"vc_col-sm-5 wpb_column vc_column_container\"><div class=\"vc_column-inner\"><div class=\"wpb_wrapper\"><div class=\"wpb_text_column\"><div class=\"wpb_wrapper\"><h4>M\u1eabu \u0111\u01a1n li\u00ean h\u1ec7<\/h4>\n<\/div><\/div><div class=\"w-image talk-team-img align_none\"><div class=\"w-image-h\"><img decoding=\"async\" width=\"1024\" height=\"683\" src=\"https:\/\/sequal.nz\/wp-content\/uploads\/2019\/10\/JeremeAubertin-Woods-Sequal-6843-1024x683.jpg\" class=\"attachment-large size-large\" alt=\"\" loading=\"lazy\" srcset=\"https:\/\/sequal.nz\/wp-content\/uploads\/2019\/10\/JeremeAubertin-Woods-Sequal-6843-1024x683.jpg 1024w, https:\/\/sequal.nz\/wp-content\/uploads\/2019\/10\/JeremeAubertin-Woods-Sequal-6843-300x200.jpg 300w, https:\/\/sequal.nz\/wp-content\/uploads\/2019\/10\/JeremeAubertin-Woods-Sequal-6843-768x512.jpg 768w, https:\/\/sequal.nz\/wp-content\/uploads\/2019\/10\/JeremeAubertin-Woods-Sequal-6843.jpg 1500w\" sizes=\"auto, (max-width: 1024px) 100vw, 1024px\" \/><\/div><\/div><div class=\"ult-spacer spacer-69e289a4bde18\" data-id=\"69e289a4bde18\" data-height=\"25\" data-height-mobile=\"25\" data-height-tab=\"25\" data-height-tab-portrait=\"\" data-height-mobile-landscape=\"\" style=\"clear:both;display:block;\"><\/div><div class=\"w-btn-wrapper align_none\"><a class=\"w-btn us-btn-style_2 sales-team-btn\" href=\"https:\/\/sequal.nz\/vi\/noi-chuyen-voi-doi-ngu-ban-hang-cua-chung-toi\/\"><span class=\"w-btn-label\">Nh\u1ea5n v\u00e0o \u0111\u00e2y \u0111\u1ec3 mua h\u00e0ng<\/span><\/a><\/div><\/div><\/div><\/div><div class=\"vc_col-sm-7 wpb_column vc_column_container\"><div class=\"vc_column-inner\"><div class=\"wpb_wrapper\"><div class=\"wpb_text_column\"><div class=\"wpb_wrapper\"><h4>\u0110\u1ecba ch\u1ec9<\/h4>\n<\/div><\/div><div class=\"g-cols wpb_row via_flex valign_top type_default stacking_default\"><div class=\"vc_col-sm-4 wpb_column vc_column_container\"><div class=\"vc_column-inner\"><div class=\"wpb_wrapper\"><div class=\"wpb_text_column\"><div class=\"wpb_wrapper\"><p><strong>\u0110\u1ecba \u0111i\u1ec3m nh\u00e0 m\u00e1y &#8211; Kawerau<\/strong><br \/>\n16 Manukorihi Drive<br \/>\nKawerau 3127<br \/>\nNew Zealand<br \/>\n<a href=\"https:\/\/www.google.co.in\/maps\/place\/16+Manukorihi+Dr,+Kawerau+3192,+New+Zealand\/@-38.0816239,176.7134031,17z\/data=!3m1!4b1!4m5!3m4!1s0x6d6ef038bb6f1fef:0x6421f66573266ad4!8m2!3d-38.0816239!4d176.7155918\" target=\"_blank\" rel=\"noopener noreferrer\">Xem tr\u00ean Google Maps<\/a><\/p>\n<\/div><\/div><\/div><\/div><\/div><div class=\"vc_col-sm-4 wpb_column vc_column_container\"><div class=\"vc_column-inner\"><div class=\"wpb_wrapper\"><div class=\"wpb_text_column\"><div class=\"wpb_wrapper\"><p><strong>\u0110\u1ecba \u0111i\u1ec3m v\u0103n ph\u00f2ng &#8211; Tauranga<\/strong><br \/>\nLevel 2, 46 Spring Street<br \/>\nTauranga 3110<br \/>\nNew Zealand<br \/>\n<a href=\"https:\/\/www.google.com\/maps\/place\/46+Spring+St,+Tauranga,+3110,+New+Zealand\/@-37.6845284,176.1665832,17z\/data=!3m1!4b1!4m5!3m4!1s0x6d6ddbddc09c1a4d:0xb77f24a3624550f1!8m2!3d-37.6845327!4d176.1687719\" target=\"_blank\" rel=\"noopener noreferrer\">Xem tr\u00ean Google Maps<\/a><\/p>\n<\/div><\/div><\/div><\/div><\/div><div class=\"vc_col-sm-4 wpb_column vc_column_container\"><div class=\"vc_column-inner\"><div class=\"wpb_wrapper\"><div class=\"wpb_text_column\"><div class=\"wpb_wrapper\"><p><strong>\u0110\u1ecba ch\u1ec9 g\u1eedi th\u01b0<\/strong><br \/>\nPO Box 3,<br \/>\nKawerau 3169<br \/>\nNew Zealand<\/p>\n<\/div><\/div><\/div><\/div><\/div><\/div><div class=\"ult-spacer spacer-69e289a4bf128\" data-id=\"69e289a4bf128\" data-height=\"30\" data-height-mobile=\"30\" data-height-tab=\"30\" data-height-tab-portrait=\"\" data-height-mobile-landscape=\"\" style=\"clear:both;display:block;\"><\/div><div class=\"wpb_text_column\"><div class=\"wpb_wrapper\"><\/div><\/div><div class=\"ult-spacer spacer-69e289a4bf2f7\" data-id=\"69e289a4bf2f7\" data-height=\"30\" data-height-mobile=\"30\" data-height-tab=\"30\" data-height-tab-portrait=\"\" data-height-mobile-landscape=\"\" style=\"clear:both;display:block;\"><\/div><div class=\"wpb_text_column\"><div class=\"wpb_wrapper\"><h4>Ngh\u1ec1 nghi\u1ec7p<\/h4>\n<p><strong>B\u1ea1n mu\u1ed1n gia nh\u1eadp \u0111\u1ed9i ng\u0169 c\u1ee7a ch\u00fang t\u00f4i?<\/strong><\/p>\n<p>Ch\u00fang t\u00f4i lu\u00f4n t\u00ecm ki\u1ebfm nh\u00e2n t\u00e0i gia nh\u1eadp v\u00e0o \u0111\u1ed9i ng\u0169 Sequal. N\u1ebfu b\u1ea1n mu\u1ed1n c\u00f9ng c\u1ed9ng t\u00e1c, vui l\u00f2ng li\u00ean h\u1ec7 v\u1edbi ch\u00fang t\u00f4i!<br \/>\nEmail: <a href=\"mailto:work@sequal.nz\"><u>work@sequal.nz<\/u><\/a><\/p>\n<\/div><\/div><\/div><\/div><\/div><div class=\"vc_col-sm-12 wpb_column vc_column_container\"><div class=\"vc_column-inner\"><div class=\"wpb_wrapper\"><div class=\"ult-spacer spacer-69e289a4bf6c9\" data-id=\"69e289a4bf6c9\" data-height=\"25\" data-height-mobile=\"25\" data-height-tab=\"25\" data-height-tab-portrait=\"\" data-height-mobile-landscape=\"\" style=\"clear:both;display:block;\"><\/div><div class=\"w-image align_center\"><a href=\"#our-team\" aria-label=\"Down-Arrow\" class=\"w-image-h\"><img decoding=\"async\" width=\"27\" height=\"50\" src=\"https:\/\/sequal.nz\/wp-content\/uploads\/2019\/07\/Down-Arrow.png\" class=\"attachment-full size-full\" alt=\"\" loading=\"lazy\" \/><\/a><\/div><\/div><\/div><\/div><\/div><\/div><\/section><section class=\"l-section wpb_row team_listing height_medium\" id=\"our-team\"><div class=\"l-section-h i-cf\"><div class=\"g-cols vc_row via_flex valign_top type_default stacking_default\"><div class=\"vc_col-sm-12 wpb_column vc_column_container\"><div class=\"vc_column-inner\"><div class=\"wpb_wrapper\"><div class=\"wpb_text_column\"><div class=\"wpb_wrapper\"><h2>Li\u00ean h\u1ec7 v\u1edbi b\u1ed9 ph\u1eadn Kinh doanh<\/h2>\n<\/div><\/div><div class=\"wpb_text_column\"><div class=\"wpb_wrapper\"><\/div><\/div><div class=\"g-cols wpb_row via_flex valign_top type_default stacking_default\"><div class=\"vc_col-sm-4 wpb_column vc_column_container\"><div class=\"vc_column-inner\"><div class=\"wpb_wrapper\"><div class=\"w-image align_center\"><div class=\"w-image-h\"><img decoding=\"async\" width=\"800\" height=\"500\" src=\"https:\/\/sequal.nz\/wp-content\/uploads\/2018\/12\/Steve.jpg\" class=\"attachment-full size-full\" alt=\"\" loading=\"lazy\" srcset=\"https:\/\/sequal.nz\/wp-content\/uploads\/2018\/12\/Steve.jpg 800w, https:\/\/sequal.nz\/wp-content\/uploads\/2018\/12\/Steve-300x188.jpg 300w, https:\/\/sequal.nz\/wp-content\/uploads\/2018\/12\/Steve-768x480.jpg 768w\" sizes=\"auto, (max-width: 800px) 100vw, 800px\" \/><\/div><\/div><div class=\"wpb_text_column\"><div class=\"wpb_wrapper\"><h5>Steve McCulloch<\/h5>\n<h6>Ph\u1ee5 tr\u00e1ch: New Zealand, \u00dac, MENA (Trung \u0110\u00f4ng &amp; B\u1eafc Phi), B\u1eafc \u00c1, Ch\u00e2u \u00c2u<\/h6>\n<p>Email. <a href=\"mailto:steve@sequal.nz\">steve@sequal.nz<\/a><br \/>\n\u0110i\u1ec7n tho\u1ea1i. <a href=\"tel:64274547876\">+64 27 454 7876<\/a><\/p>\n<\/div><\/div><\/div><\/div><\/div><div class=\"vc_col-sm-4 wpb_column vc_column_container\"><div class=\"vc_column-inner\"><div class=\"wpb_wrapper\"><div class=\"w-image align_center\"><div class=\"w-image-h\"><img decoding=\"async\" width=\"1920\" height=\"1200\" src=\"https:\/\/sequal.nz\/wp-content\/uploads\/2023\/11\/JennyLohCropped-scaled.jpg\" class=\"attachment-full size-full\" alt=\"\" loading=\"lazy\" srcset=\"https:\/\/sequal.nz\/wp-content\/uploads\/2023\/11\/JennyLohCropped-scaled.jpg 1920w, https:\/\/sequal.nz\/wp-content\/uploads\/2023\/11\/JennyLohCropped-300x188.jpg 300w, https:\/\/sequal.nz\/wp-content\/uploads\/2023\/11\/JennyLohCropped-1024x640.jpg 1024w, https:\/\/sequal.nz\/wp-content\/uploads\/2023\/11\/JennyLohCropped-1536x960.jpg 1536w, https:\/\/sequal.nz\/wp-content\/uploads\/2023\/11\/JennyLohCropped-2048x1280.jpg 2048w, https:\/\/sequal.nz\/wp-content\/uploads\/2023\/11\/JennyLohCropped-768x480.jpg 768w\" sizes=\"auto, (max-width: 1920px) 100vw, 1920px\" \/><\/div><\/div><div class=\"wpb_text_column\"><div class=\"wpb_wrapper\"><h5>Jenny Loh<\/h5>\n<h6>Ph\u1ee5 tr\u00e1ch: Nam \u00c1, New Zealand, \u00dac, Ch\u00e2u M\u1ef9<\/h6>\n<p>Email. <a href=\"mailto:jenny@sequal.nz\">jenny@sequal.nz<\/a><br \/>\n\u0110i\u1ec7n tho\u1ea1i. <a href=\"tel:+64278000567\">+64 27 8000 567<\/a><\/p>\n<\/div><\/div><\/div><\/div><\/div><div class=\"vc_col-sm-4 wpb_column vc_column_container\"><div class=\"vc_column-inner\"><div class=\"wpb_wrapper\"><div class=\"w-image align_center\"><div class=\"w-image-h\"><img decoding=\"async\" width=\"800\" height=\"500\" src=\"https:\/\/sequal.nz\/wp-content\/uploads\/2025\/08\/Amanda-1.jpg\" class=\"attachment-full size-full\" alt=\"\" loading=\"lazy\" srcset=\"https:\/\/sequal.nz\/wp-content\/uploads\/2025\/08\/Amanda-1.jpg 800w, https:\/\/sequal.nz\/wp-content\/uploads\/2025\/08\/Amanda-1-300x188.jpg 300w, https:\/\/sequal.nz\/wp-content\/uploads\/2025\/08\/Amanda-1-768x480.jpg 768w\" sizes=\"auto, (max-width: 800px) 100vw, 800px\" \/><\/div><\/div><div class=\"wpb_text_column\"><div class=\"wpb_wrapper\"><h5>Amanda Lai<\/h5>\n<h6>Ph\u1ee5 tr\u00e1ch: Trung Qu\u1ed1c, Nam \u00c1<\/h6>\n<p>Email. <a href=\"mailto:amanda@sequal.nz\">amanda@sequal.nz<\/a><br \/>\n\u0110i\u1ec7n tho\u1ea1i. <a href=\"tel:+8613923282550\">+86 139 2328 2550<\/a><\/p>\n<\/div><\/div><\/div><\/div><\/div><\/div><div class=\"w-separator size_custom\" style=\"height:30\"><\/div><div class=\"wpb_text_column\"><div class=\"wpb_wrapper\"><\/div><\/div><\/div><\/div><\/div><\/div><\/div><\/section>\n","protected":false},"excerpt":{"rendered":"LI\u00caN H\u1ec6 M\u1eabu \u0111\u01a1n li\u00ean h\u1ec7 Nh\u1ea5n v\u00e0o \u0111\u00e2y \u0111\u1ec3 mua h\u00e0ng\u0110\u1ecba ch\u1ec9 \u0110\u1ecba \u0111i\u1ec3m nh\u00e0 m\u00e1y &#8211; Kawerau 16 Manukorihi Drive Kawerau 3127 New Zealand Xem tr\u00ean Google Maps \u0110\u1ecba \u0111i\u1ec3m v\u0103n ph\u00f2ng &#8211; Tauranga Level 2, 46 Spring Street Tauranga 3110 New Zealand Xem tr\u00ean Google Maps \u0110\u1ecba ch\u1ec9 g\u1eedi th\u01b0 PO Box...","protected":false},"author":4,"featured_media":0,"parent":0,"menu_order":19,"comment_status":"closed","ping_status":"closed","template":"","meta":{"content-type":"","_joinchat":[],"footnotes":""},"class_list":["post-6776","page","type-page","status-publish","hentry"],"yoast_head":"<!-- This site is optimized with the Yoast SEO plugin v27.0 - https:\/\/yoast.com\/product\/yoast-seo-wordpress\/ -->\n<title>Li\u00ean h\u1ec7 - Sequal Lumber Global Lumber Supplier<\/title>\n<meta name=\"description\" content=\"LI\u00ean h\u1ec7 v\u1edbi Sequal - Sequal Lumber l\u00e0 c\u00f4ng ty cung \u1ee9ng g\u1ed7 th\u00f4ng Radiata h\u00e0ng \u0111\u1ea7u New Zealand \u0110i\u1ec7n tho\u1ea1i +64 7-306 9380\" \/>\n<meta name=\"robots\" content=\"index, follow, max-snippet:-1, max-image-preview:large, max-video-preview:-1\" \/>\n<link rel=\"canonical\" href=\"https:\/\/sequal.nz\/vi\/lien-he\/\" \/>\n<meta property=\"og:locale\" content=\"vi_VN\" \/>\n<meta property=\"og:type\" content=\"article\" \/>\n<meta property=\"og:title\" content=\"Li\u00ean h\u1ec7 - Sequal Lumber Global Lumber Supplier\" \/>\n<meta property=\"og:description\" content=\"LI\u00ean h\u1ec7 v\u1edbi Sequal - Sequal Lumber l\u00e0 c\u00f4ng ty cung \u1ee9ng g\u1ed7 th\u00f4ng Radiata h\u00e0ng \u0111\u1ea7u New Zealand \u0110i\u1ec7n tho\u1ea1i +64 7-306 9380\" \/>\n<meta property=\"og:url\" content=\"https:\/\/sequal.nz\/vi\/lien-he\/\" \/>\n<meta property=\"og:site_name\" content=\"Sequal Lumber Global Lumber Supplier\" \/>\n<meta property=\"article:publisher\" content=\"https:\/\/www.facebook.com\/sequallumber\/\" \/>\n<meta property=\"article:modified_time\" content=\"2025-08-27T05:33:09+00:00\" \/>\n<meta name=\"twitter:card\" content=\"summary_large_image\" \/>\n<meta name=\"twitter:label1\" content=\"Est. reading time\" \/>\n\t<meta name=\"twitter:data1\" content=\"3 minutes\" \/>\n<script type=\"application\/ld+json\" class=\"yoast-schema-graph\">{\"@context\":\"https:\/\/schema.org\",\"@graph\":[{\"@type\":\"WebPage\",\"@id\":\"https:\/\/sequal.nz\/vi\/lien-he\/\",\"url\":\"https:\/\/sequal.nz\/vi\/lien-he\/\",\"name\":\"Li\u00ean h\u1ec7 - Sequal Lumber Global Lumber Supplier\",\"isPartOf\":{\"@id\":\"https:\/\/sequal.nz\/vi\/#website\"},\"datePublished\":\"2019-07-10T05:09:40+00:00\",\"dateModified\":\"2025-08-27T05:33:09+00:00\",\"description\":\"LI\u00ean h\u1ec7 v\u1edbi Sequal - Sequal Lumber l\u00e0 c\u00f4ng ty cung \u1ee9ng g\u1ed7 th\u00f4ng Radiata h\u00e0ng \u0111\u1ea7u New Zealand \u0110i\u1ec7n tho\u1ea1i +64 7-306 9380\",\"breadcrumb\":{\"@id\":\"https:\/\/sequal.nz\/vi\/lien-he\/#breadcrumb\"},\"inLanguage\":\"vi-VN\",\"potentialAction\":[{\"@type\":\"ReadAction\",\"target\":[\"https:\/\/sequal.nz\/vi\/lien-he\/\"]}]},{\"@type\":\"BreadcrumbList\",\"@id\":\"https:\/\/sequal.nz\/vi\/lien-he\/#breadcrumb\",\"itemListElement\":[{\"@type\":\"ListItem\",\"position\":1,\"name\":\"Home\",\"item\":\"https:\/\/sequal.nz\/vi\/\"},{\"@type\":\"ListItem\",\"position\":2,\"name\":\"Li\u00ean h\u1ec7\"}]},{\"@type\":\"WebSite\",\"@id\":\"https:\/\/sequal.nz\/vi\/#website\",\"url\":\"https:\/\/sequal.nz\/vi\/\",\"name\":\"Sequal\",\"description\":\"Give More\",\"publisher\":{\"@id\":\"https:\/\/sequal.nz\/vi\/#organization\"},\"potentialAction\":[{\"@type\":\"SearchAction\",\"target\":{\"@type\":\"EntryPoint\",\"urlTemplate\":\"https:\/\/sequal.nz\/vi\/?s={search_term_string}\"},\"query-input\":{\"@type\":\"PropertyValueSpecification\",\"valueRequired\":true,\"valueName\":\"search_term_string\"}}],\"inLanguage\":\"vi-VN\"},{\"@type\":\"Organization\",\"@id\":\"https:\/\/sequal.nz\/vi\/#organization\",\"name\":\"Sequal Lumber Global Lumber Supplier\",\"url\":\"https:\/\/sequal.nz\/vi\/\",\"logo\":{\"@type\":\"ImageObject\",\"inLanguage\":\"vi-VN\",\"@id\":\"https:\/\/sequal.nz\/vi\/#\/schema\/logo\/image\/\",\"url\":\"https:\/\/sequal.nz\/wp-content\/uploads\/2019\/01\/image-1.png\",\"contentUrl\":\"https:\/\/sequal.nz\/wp-content\/uploads\/2019\/01\/image-1.png\",\"width\":155,\"height\":159,\"caption\":\"Sequal Lumber Global Lumber Supplier\"},\"image\":{\"@id\":\"https:\/\/sequal.nz\/vi\/#\/schema\/logo\/image\/\"},\"sameAs\":[\"https:\/\/www.facebook.com\/sequallumber\/\"]}]}<\/script>\n<!-- \/ Yoast SEO plugin. -->","yoast_head_json":{"title":"Li\u00ean h\u1ec7 - Sequal Lumber Global Lumber Supplier","description":"LI\u00ean h\u1ec7 v\u1edbi Sequal - Sequal Lumber l\u00e0 c\u00f4ng ty cung \u1ee9ng g\u1ed7 th\u00f4ng Radiata h\u00e0ng \u0111\u1ea7u New Zealand \u0110i\u1ec7n tho\u1ea1i +64 7-306 9380","robots":{"index":"index","follow":"follow","max-snippet":"max-snippet:-1","max-image-preview":"max-image-preview:large","max-video-preview":"max-video-preview:-1"},"canonical":"https:\/\/sequal.nz\/vi\/lien-he\/","og_locale":"vi_VN","og_type":"article","og_title":"Li\u00ean h\u1ec7 - Sequal Lumber Global Lumber Supplier","og_description":"LI\u00ean h\u1ec7 v\u1edbi Sequal - Sequal Lumber l\u00e0 c\u00f4ng ty cung \u1ee9ng g\u1ed7 th\u00f4ng Radiata h\u00e0ng \u0111\u1ea7u New Zealand \u0110i\u1ec7n tho\u1ea1i +64 7-306 9380","og_url":"https:\/\/sequal.nz\/vi\/lien-he\/","og_site_name":"Sequal Lumber Global Lumber Supplier","article_publisher":"https:\/\/www.facebook.com\/sequallumber\/","article_modified_time":"2025-08-27T05:33:09+00:00","twitter_card":"summary_large_image","twitter_misc":{"Est. reading time":"3 minutes"},"schema":{"@context":"https:\/\/schema.org","@graph":[{"@type":"WebPage","@id":"https:\/\/sequal.nz\/vi\/lien-he\/","url":"https:\/\/sequal.nz\/vi\/lien-he\/","name":"Li\u00ean h\u1ec7 - Sequal Lumber Global Lumber Supplier","isPartOf":{"@id":"https:\/\/sequal.nz\/vi\/#website"},"datePublished":"2019-07-10T05:09:40+00:00","dateModified":"2025-08-27T05:33:09+00:00","description":"LI\u00ean h\u1ec7 v\u1edbi Sequal - Sequal Lumber l\u00e0 c\u00f4ng ty cung \u1ee9ng g\u1ed7 th\u00f4ng Radiata h\u00e0ng \u0111\u1ea7u New Zealand \u0110i\u1ec7n tho\u1ea1i +64 7-306 9380","breadcrumb":{"@id":"https:\/\/sequal.nz\/vi\/lien-he\/#breadcrumb"},"inLanguage":"vi-VN","potentialAction":[{"@type":"ReadAction","target":["https:\/\/sequal.nz\/vi\/lien-he\/"]}]},{"@type":"BreadcrumbList","@id":"https:\/\/sequal.nz\/vi\/lien-he\/#breadcrumb","itemListElement":[{"@type":"ListItem","position":1,"name":"Home","item":"https:\/\/sequal.nz\/vi\/"},{"@type":"ListItem","position":2,"name":"Li\u00ean h\u1ec7"}]},{"@type":"WebSite","@id":"https:\/\/sequal.nz\/vi\/#website","url":"https:\/\/sequal.nz\/vi\/","name":"Sequal","description":"Give More","publisher":{"@id":"https:\/\/sequal.nz\/vi\/#organization"},"potentialAction":[{"@type":"SearchAction","target":{"@type":"EntryPoint","urlTemplate":"https:\/\/sequal.nz\/vi\/?s={search_term_string}"},"query-input":{"@type":"PropertyValueSpecification","valueRequired":true,"valueName":"search_term_string"}}],"inLanguage":"vi-VN"},{"@type":"Organization","@id":"https:\/\/sequal.nz\/vi\/#organization","name":"Sequal Lumber Global Lumber Supplier","url":"https:\/\/sequal.nz\/vi\/","logo":{"@type":"ImageObject","inLanguage":"vi-VN","@id":"https:\/\/sequal.nz\/vi\/#\/schema\/logo\/image\/","url":"https:\/\/sequal.nz\/wp-content\/uploads\/2019\/01\/image-1.png","contentUrl":"https:\/\/sequal.nz\/wp-content\/uploads\/2019\/01\/image-1.png","width":155,"height":159,"caption":"Sequal Lumber Global Lumber Supplier"},"image":{"@id":"https:\/\/sequal.nz\/vi\/#\/schema\/logo\/image\/"},"sameAs":["https:\/\/www.facebook.com\/sequallumber\/"]}]}},"_links":{"self":[{"href":"https:\/\/sequal.nz\/vi\/wp-json\/wp\/v2\/pages\/6776","targetHints":{"allow":["GET"]}}],"collection":[{"href":"https:\/\/sequal.nz\/vi\/wp-json\/wp\/v2\/pages"}],"about":[{"href":"https:\/\/sequal.nz\/vi\/wp-json\/wp\/v2\/types\/page"}],"author":[{"embeddable":true,"href":"https:\/\/sequal.nz\/vi\/wp-json\/wp\/v2\/users\/4"}],"replies":[{"embeddable":true,"href":"https:\/\/sequal.nz\/vi\/wp-json\/wp\/v2\/comments?post=6776"}],"version-history":[{"count":11,"href":"https:\/\/sequal.nz\/vi\/wp-json\/wp\/v2\/pages\/6776\/revisions"}],"predecessor-version":[{"id":10271,"href":"https:\/\/sequal.nz\/vi\/wp-json\/wp\/v2\/pages\/6776\/revisions\/10271"}],"wp:attachment":[{"href":"https:\/\/sequal.nz\/vi\/wp-json\/wp\/v2\/media?parent=6776"}],"curies":[{"name":"wp","href":"https:\/\/api.w.org\/{rel}","templated":true}]}}