{"id":6840,"date":"2019-07-15T03:32:43","date_gmt":"2019-07-15T03:32:43","guid":{"rendered":"https:\/\/sequallumber.co.nz\/su-ben-vung\/"},"modified":"2023-11-22T21:45:08","modified_gmt":"2023-11-22T08:45:08","slug":"su-ben-vung","status":"publish","type":"page","link":"https:\/\/sequal.nz\/vi\/su-ben-vung\/","title":{"rendered":"S\u1ef1 b\u1ec1n v\u1eefng"},"content":{"rendered":"<section class=\"l-section wpb_row page_common_head height_medium full_height valign_center with_img parallax_ver\"><div class=\"l-section-img\" role=\"img\" data-img-width=\"1920\" data-img-height=\"1003\" style=\"background-image: url(https:\/\/sequal.nz\/wp-content\/uploads\/2019\/01\/Home_Our-Committment.jpg);background-repeat: no-repeat;\"><\/div><div class=\"l-section-h i-cf\"><div class=\"g-cols vc_row via_flex valign_middle type_default stacking_default\"><div class=\"vc_col-sm-12 wpb_column vc_column_container has_text_color\"><div class=\"vc_column-inner us_custom_6df4bc3a\"><div class=\"wpb_wrapper\"><div class=\"wpb_text_column\"><div class=\"wpb_wrapper\"><h1 style=\"text-align: center;\">T\u1ea0O TH\u00caM GI\u00c1 TR\u1eca CHO T\u01af\u01a0NG LAI<\/h1>\n<h4 style=\"text-align: center;\">CAM K\u1ebeT C\u1ee6A CH\u00daNG T\u00d4I<\/h4>\n<\/div><\/div><\/div><\/div><\/div><\/div><\/div><\/section><section class=\"l-section wpb_row page_bouncing_arrow height_auto\"><div class=\"l-section-h i-cf\"><div class=\"g-cols vc_row via_flex valign_top type_default stacking_default\"><div class=\"vc_col-sm-12 wpb_column vc_column_container\"><div class=\"vc_column-inner\"><div class=\"wpb_wrapper\"><div class=\"w-image align_center\"><a href=\"#page-scroll-arrow\" aria-label=\"Down-Arrow\" class=\"w-image-h\"><img decoding=\"async\" width=\"27\" height=\"50\" src=\"https:\/\/sequal.nz\/wp-content\/uploads\/2018\/01\/Down-Arrow.png\" class=\"attachment-full size-full\" alt=\"\" loading=\"lazy\" \/><\/a><\/div><\/div><\/div><\/div><\/div><\/div><\/section><section class=\"l-section wpb_row height_medium\" id=\"page-scroll-arrow\"><div class=\"l-section-h i-cf\"><div class=\"g-cols vc_row via_flex valign_top type_default stacking_default\"><div class=\"vc_col-sm-12 wpb_column vc_column_container\"><div class=\"vc_column-inner\"><div class=\"wpb_wrapper\"><div class=\"wpb_text_column\"><div class=\"wpb_wrapper\"><h2>CH\u00daNG TA <span style=\"color: #d6c200;\">\u0110\u01af\u1ee2C THI\u1ebeT K\u1ebe \u0110\u1ec2 C\u00d9NG T\u1ed2N T\u1ea0I<\/span><\/h2>\n<\/div><\/div><div class=\"ult-spacer spacer-69e74aa2aeeee\" data-id=\"69e74aa2aeeee\" data-height=\"40\" data-height-mobile=\"0\" data-height-tab=\"\" data-height-tab-portrait=\"\" data-height-mobile-landscape=\"0\" style=\"clear:both;display:block;\"><\/div><div class=\"wpb_text_column\"><div class=\"wpb_wrapper\"><h5>Ch\u00fang t\u00f4i tin t\u01b0\u1edfng r\u1eb1ng ch\u00fang t\u00f4i c\u00f3 ngh\u0129a v\u1ee5 trao th\u00eam cho t\u01b0\u01a1ng lai. V\u00ec t\u01b0\u01a1ng lai im l\u1eb7ng, tr\u00e1ch nhi\u1ec7m c\u1ee7a ch\u00fang t\u00f4i l\u00e0 c\u1ea5t ti\u1ebfng thay cho t\u01b0\u01a1ng lai. Ni\u1ec1m tin n\u00e0y xu\u1ea5t ph\u00e1t t\u1eeb nh\u1eefng gi\u00e1 tr\u1ecb c\u1ee7a Whakapapa (k\u1ebf th\u1eeba), Kaitiakitanga (b\u1ea3o v\u1ec7) v\u00e0 He Tangata (con ng\u01b0\u1eddi), v\u1ed1n l\u00e0 m\u1ed9t ph\u1ea7n c\u1ee7a v\u0103n h\u00f3a c\u1ee7a ch\u00fang t\u00f4i qua nhi\u1ec1u th\u1ebf h\u1ec7.<\/h5>\n<h5>Ch\u00fang t\u00f4i hi\u1ec3u nh\u1eefng gi\u00e1 tr\u1ecb n\u00e0y \u0111\u1ed3ng ngh\u0129a v\u1edbi vi\u1ec7c gi\u00fap \u0111\u1ee1 th\u1ebf h\u1ec7 tr\u1ebb \u0111\u1ea1t \u0111\u01b0\u1ee3c \u01b0\u1edbc m\u01a1 c\u1ee7a h\u1ecd, \u0111\u00f3ng g\u00f3p v\u00e0o c\u1ed9ng \u0111\u1ed3ng c\u1ee7a ch\u00fang t\u00f4i v\u00e0 cung \u1ee9ng s\u1ea3n ph\u1ea9m \u0111\u01b0\u1ee3c khai th\u00e1c m\u1ed9t c\u00e1ch b\u1ec1n v\u1eefng. \u0110\u1ed3ng th\u1eddi, ch\u00fang t\u00f4i c\u0169ng c\u1ea7n kh\u00f4ng ng\u1eebng t\u00ecm ki\u1ebfm nh\u1eefng gi\u1ea3i ph\u00e1p \u0111\u1ec3 con ng\u01b0\u1eddi v\u00e0 m\u00f4i tr\u01b0\u1eddng c\u00f3 th\u1ec3 c\u1ed9ng sinh v\u1edbi nhau.<\/h5>\n<h3><\/h3>\n<\/div><\/div><\/div><\/div><\/div><\/div><\/div><\/section><section class=\"l-section wpb_row column1_section primary_heading height_auto width_full\"><div class=\"l-section-h i-cf\"><div class=\"g-cols vc_row via_flex valign_middle type_default stacking_default\"><div class=\"vc_col-sm-12 wpb_column vc_column_container\"><div class=\"vc_column-inner\"><div class=\"wpb_wrapper\"><div class=\"g-cols wpb_row via_flex valign_middle type_boxes stacking_default\"><div class=\"vc_col-sm-3 wpb_column vc_column_container has_bg_color\"><div class=\"vc_column-inner us_custom_a3cf5182\"><div class=\"wpb_wrapper\"><div class=\"ult-spacer spacer-69e74aa2afa51\" data-id=\"69e74aa2afa51\" data-height=\"250\" data-height-mobile=\"250\" data-height-tab=\"250\" data-height-tab-portrait=\"\" data-height-mobile-landscape=\"\" style=\"clear:both;display:block;\"><\/div><\/div><\/div><\/div><div class=\"vc_col-sm-3 wpb_column vc_column_container has_bg_color\"><div class=\"vc_column-inner us_custom_6e4cd789\"><div class=\"wpb_wrapper\"><div class=\"wpb_text_column\"><div class=\"wpb_wrapper\"><h4>N\u0103ng l\u01b0\u1ee3ng T\u00e1i t\u1ea1o t\u1eeb \u0110\u1ecba nhi\u1ec7t<\/h4>\n<p>Ngu\u1ed3n n\u0103ng l\u01b0\u1ee3ng \u0111i\u1ec7n t\u1ea1i nh\u00e0 m\u00e1y c\u1ee7a ch\u00fang t\u00f4i \u0111\u01b0\u1ee3c l\u1ea5y t\u1eeb nh\u1eefng tr\u1ea1m n\u0103ng l\u01b0\u1ee3ng \u0111\u1ecba nhi\u1ec7t v\u00e0 l\u00f2 s\u1ea5y c\u1ee7a nh\u00e0 m\u00e1y c\u0169ng \u0111\u01b0\u1ee3c v\u1eadn h\u00e0nh tr\u1ef1c ti\u1ebfp t\u1eeb \u0111i\u1ec7n \u0111\u1ecba nhi\u1ec7t. H\u1ec7 th\u1ed1ng n\u00e0y khai th\u00e1c, s\u1eed d\u1ee5ng n\u0103ng l\u01b0\u1ee3ng \u0111\u1ebfn t\u1eeb l\u00f2ng \u0111\u1ea5t v\u00e0 c\u00f9ng l\u00fac g\u1eedi tr\u1ea3 l\u1ea1i cho th\u1ebf h\u1ec7 ti\u1ebfp theo.<\/p>\n<\/div><\/div><\/div><\/div><\/div><div class=\"vc_col-sm-3 wpb_column vc_column_container has_bg_color\"><div class=\"vc_column-inner us_custom_4040b841\"><div class=\"wpb_wrapper\"><div class=\"w-image align_center\"><div class=\"w-image-h\"><img decoding=\"async\" width=\"200\" height=\"298\" src=\"https:\/\/sequal.nz\/wp-content\/uploads\/2022\/02\/logo2.jpg\" class=\"attachment-full size-full\" alt=\"\" loading=\"lazy\" \/><\/div><\/div><\/div><\/div><\/div><div class=\"vc_col-sm-3 wpb_column vc_column_container has_bg_color\"><div class=\"vc_column-inner us_custom_6e4cd789\"><div class=\"wpb_wrapper\"><div class=\"wpb_text_column\"><div class=\"wpb_wrapper\"><h4>G\u1ed7 \u0111\u1ea1t Ch\u1ee9ng nh\u1eadn b\u1ea3o v\u1ec7 r\u1eebng FSC\u00ae 100%<\/h4>\n<p>Ch\u00fang t\u00f4i tin r\u1eb1ng th\u1ebf gi\u1edbi c\u1ea7n d\u1eebng vi\u1ec7c khai th\u00e1c tr\u00e1i ph\u00e9p g\u1ed7 r\u1eebng, v\u00ec v\u1eady ch\u00fang t\u00f4i ch\u1ec9 cung \u1ee9ng g\u1ed7 \u0111\u1ea1t ch\u1ee9ng nh\u1eadn b\u1ea3o v\u1ec7 r\u1eebng FSC\u00ae 100% v\u1edbi nh\u1eefng kh\u00e1ch h\u00e0ng c\u00f3 mong mu\u1ed1n s\u1eed d\u1ee5ng ngu\u1ed3n g\u1ed7 \u0111\u01b0\u1ee3c khai th\u00e1c m\u1ed9t c\u00e1ch b\u1ec1n v\u1eefng.<\/p>\n<\/div><\/div><\/div><\/div><\/div><\/div><div class=\"w-image img_left align_none\"><div class=\"w-image-h\"><img decoding=\"async\" width=\"350\" height=\"167\" src=\"https:\/\/sequal.nz\/wp-content\/uploads\/2018\/07\/Paralax-1.png\" class=\"attachment-full size-full\" alt=\"\" loading=\"lazy\" srcset=\"https:\/\/sequal.nz\/wp-content\/uploads\/2018\/07\/Paralax-1.png 350w, https:\/\/sequal.nz\/wp-content\/uploads\/2018\/07\/Paralax-1-300x143.png 300w\" sizes=\"auto, (max-width: 350px) 100vw, 350px\" \/><\/div><\/div><div class=\"w-image img_right align_none\"><div class=\"w-image-h\"><img decoding=\"async\" width=\"180\" height=\"198\" src=\"https:\/\/sequal.nz\/wp-content\/uploads\/2018\/07\/Hand-1.png\" class=\"attachment-full size-full\" alt=\"\" loading=\"lazy\" \/><\/div><\/div><div class=\"g-cols wpb_row bottom_square via_flex valign_middle type_boxes stacking_default\"><div class=\"vc_col-sm-3 wpb_column vc_column_container has_bg_color\"><div class=\"vc_column-inner us_custom_7309992b\"><div class=\"wpb_wrapper\"><div class=\"wpb_text_column\"><div class=\"wpb_wrapper\"><h4>S\u1ef1 C\u00e2n b\u1eb1ng \u0110\u00f4 th\u1ecb<\/h4>\n<p>C\u00e2n b\u1eb1ng \u0110\u00f4 th\u1ecb l\u00e0 tri\u1ebft l\u00fd l\u00ean k\u1ebf ho\u1ea1ch ph\u00e1t tri\u1ec3n \u0111\u00f4 th\u1ecb b\u1ec1n v\u1eefng, v\u1edbi h\u1ec7 th\u1ed1ng ki\u1ebfn tr\u00fac trong m\u1ed9t khu v\u1ef1c \u0111\u00f4 th\u1ecb l\u00e0 m\u1ed9t ph\u1ea7n c\u1ee7a h\u1ec7 sinh th\u00e1i \u0111\u00f4 th\u1ecb r\u1ed9ng l\u1edbn h\u01a1n. Ki\u1ebfn tr\u00fac \u0111\u00f4 th\u1ecb \u0111\u00f3ng vai tr\u00f2 quan tr\u1ecdng trong vi\u1ec7c c\u00e2n b\u1eb1ng kh\u00ed nh\u00e0 k\u00ednh d\u1ef1a v\u00e0o s\u1ee9c ch\u1ee9a c\u1ee7a ch\u00fang, do \u0111\u00f3 vi\u1ec7c l\u1ef1a ch\u1ecdn v\u1eadt li\u1ec7u x\u00e2y d\u1ef1ng l\u00e0 quy\u1ebft \u0111\u1ecbnh tr\u1ecdng y\u1ebfu cho s\u1ef1 ph\u00e1t tri\u1ec3n trong t\u01b0\u01a1ng lai c\u1ee7a c\u00e1c th\u00e0nh ph\u1ed1. <a href=\"https:\/\/sequal.nz\/wp-content\/uploads\/2019\/01\/Andrea-Stocchero-Urban-Equilibrium-for-sustainable-cities.pdf\" target=\"_blank\" rel=\"noopener noreferrer\"><strong>\u0110\u1ecdc th\u00eam&#8230;<\/strong><\/a><\/p>\n<\/div><\/div><\/div><\/div><\/div><div class=\"vc_col-sm-3 wpb_column vc_column_container has_bg_color\"><div class=\"vc_column-inner us_custom_bb45c82c\"><div class=\"wpb_wrapper\"><div class=\"ult-spacer spacer-69e74aa2b2a93\" data-id=\"69e74aa2b2a93\" data-height=\"250\" data-height-mobile=\"250\" data-height-tab=\"250\" data-height-tab-portrait=\"\" data-height-mobile-landscape=\"\" style=\"clear:both;display:block;\"><\/div><\/div><\/div><\/div><div class=\"vc_col-sm-3 wpb_column vc_column_container\"><div class=\"vc_column-inner\"><div class=\"wpb_wrapper\"><div class=\"wpb_text_column\"><div class=\"wpb_wrapper\"><h4>\u0110am m\u00ea cho c\u1ed9ng \u0111\u1ed3ng<\/h4>\n<p>Kh\u00f4ng ch\u1ec9 quan t\u00e2m \u0111\u1ebfn s\u1ef1 b\u1ec1n v\u1eefng c\u1ee7a m\u00f4i tr\u01b0\u1eddng, ch\u00fang t\u00f4i c\u0169ng r\u1ea5t t\u00e2m huy\u1ebft v\u1edbi ph\u00e1t tri\u1ec3n c\u1ed9ng \u0111\u1ed3ng v\u00e0 h\u1ed7 tr\u1ee3 s\u1ef1 ph\u00e1t tri\u1ec3n b\u1ec1n v\u1eefng c\u1ee7a \u0111\u1ecba ph\u01b0\u01a1ng. Ch\u00fang t\u00f4i c\u00f3 vai tr\u00f2 \u1ee7ng h\u1ed9 c\u00e1c s\u00e1ng ki\u1ebfn t\u1eeb \u0111\u1ecba ph\u01b0\u01a1ng v\u00e0 gi\u00fap th\u1ebf h\u1ec7 tr\u1ebb \u0111\u1ea1t \u0111\u01b0\u1ee3c nh\u1eefng \u01b0\u1edbc m\u01a1 c\u1ee7a h\u1ecd.<\/p>\n<\/div><\/div><\/div><\/div><\/div><div class=\"vc_col-sm-3 wpb_column vc_column_container has_bg_color\"><div class=\"vc_column-inner us_custom_36a33207\"><div class=\"wpb_wrapper\"><div class=\"ult-spacer spacer-69e74aa2b2ffb\" data-id=\"69e74aa2b2ffb\" data-height=\"250\" data-height-mobile=\"250\" data-height-tab=\"250\" data-height-tab-portrait=\"\" data-height-mobile-landscape=\"\" style=\"clear:both;display:block;\"><\/div><\/div><\/div><\/div><\/div><\/div><\/div><\/div><\/div><\/div><\/section>\n","protected":false},"excerpt":{"rendered":"T\u1ea0O TH\u00caM GI\u00c1 TR\u1eca CHO T\u01af\u01a0NG LAI CAM K\u1ebeT C\u1ee6A CH\u00daNG T\u00d4I CH\u00daNG TA \u0110\u01af\u1ee2C THI\u1ebeT K\u1ebe \u0110\u1ec2 C\u00d9NG T\u1ed2N T\u1ea0I Ch\u00fang t\u00f4i tin t\u01b0\u1edfng r\u1eb1ng ch\u00fang t\u00f4i c\u00f3 ngh\u0129a v\u1ee5 trao th\u00eam cho t\u01b0\u01a1ng lai. V\u00ec t\u01b0\u01a1ng lai im l\u1eb7ng, tr\u00e1ch nhi\u1ec7m c\u1ee7a ch\u00fang t\u00f4i l\u00e0 c\u1ea5t ti\u1ebfng thay cho t\u01b0\u01a1ng lai. Ni\u1ec1m tin...","protected":false},"author":4,"featured_media":0,"parent":0,"menu_order":53,"comment_status":"closed","ping_status":"closed","template":"","meta":{"content-type":"","_joinchat":[],"footnotes":""},"class_list":["post-6840","page","type-page","status-publish","hentry"],"yoast_head":"<!-- This site is optimized with the Yoast SEO plugin v27.0 - https:\/\/yoast.com\/product\/yoast-seo-wordpress\/ -->\n<title>S\u1ef1 b\u1ec1n v\u1eefng - Sequal Lumber Global Lumber Supplier<\/title>\n<meta name=\"description\" content=\"Ch\u00fang t\u00f4i tin t\u01b0\u1edfng r\u1eb1ng ch\u00fang t\u00f4i c\u00f3 ngh\u0129a v\u1ee5 trao th\u00eam cho t\u01b0\u01a1ng lai. V\u00ec t\u01b0\u01a1ng lai im l\u1eb7ng, tr\u00e1ch nhi\u1ec7m c\u1ee7a ch\u00fang t\u00f4i l\u00e0 c\u1ea5t ti\u1ebfng thay cho t\u01b0\u01a1ng lai. Ni\u1ec1m tin n\u00e0y xu\u1ea5t ph\u00e1t t\u1eeb nh\u1eefng gi\u00e1 tr\u1ecb c\u1ee7a Whakapapa (k\u1ebf th\u1eeba), Kaitiakitanga (b\u1ea3o v\u1ec7) v\u00e0 He Tangata (con ng\u01b0\u1eddi), v\u1ed1n l\u00e0 m\u1ed9t ph\u1ea7n c\u1ee7a v\u0103n h\u00f3a c\u1ee7a ch\u00fang t\u00f4i qua nhi\u1ec1u th\u1ebf h\u1ec7.\" \/>\n<meta name=\"robots\" content=\"index, follow, max-snippet:-1, max-image-preview:large, max-video-preview:-1\" \/>\n<link rel=\"canonical\" href=\"https:\/\/sequal.nz\/vi\/su-ben-vung\/\" \/>\n<meta property=\"og:locale\" content=\"vi_VN\" \/>\n<meta property=\"og:type\" content=\"article\" \/>\n<meta property=\"og:title\" content=\"S\u1ef1 b\u1ec1n v\u1eefng - Sequal Lumber Global Lumber Supplier\" \/>\n<meta property=\"og:description\" content=\"Ch\u00fang t\u00f4i tin t\u01b0\u1edfng r\u1eb1ng ch\u00fang t\u00f4i c\u00f3 ngh\u0129a v\u1ee5 trao th\u00eam cho t\u01b0\u01a1ng lai. V\u00ec t\u01b0\u01a1ng lai im l\u1eb7ng, tr\u00e1ch nhi\u1ec7m c\u1ee7a ch\u00fang t\u00f4i l\u00e0 c\u1ea5t ti\u1ebfng thay cho t\u01b0\u01a1ng lai. Ni\u1ec1m tin n\u00e0y xu\u1ea5t ph\u00e1t t\u1eeb nh\u1eefng gi\u00e1 tr\u1ecb c\u1ee7a Whakapapa (k\u1ebf th\u1eeba), Kaitiakitanga (b\u1ea3o v\u1ec7) v\u00e0 He Tangata (con ng\u01b0\u1eddi), v\u1ed1n l\u00e0 m\u1ed9t ph\u1ea7n c\u1ee7a v\u0103n h\u00f3a c\u1ee7a ch\u00fang t\u00f4i qua nhi\u1ec1u th\u1ebf h\u1ec7.\" \/>\n<meta property=\"og:url\" content=\"https:\/\/sequal.nz\/vi\/su-ben-vung\/\" \/>\n<meta property=\"og:site_name\" content=\"Sequal Lumber Global Lumber Supplier\" \/>\n<meta property=\"article:publisher\" content=\"https:\/\/www.facebook.com\/sequallumber\/\" \/>\n<meta property=\"article:modified_time\" content=\"2023-11-22T08:45:08+00:00\" \/>\n<meta name=\"twitter:card\" content=\"summary_large_image\" \/>\n<meta name=\"twitter:label1\" content=\"Est. reading time\" \/>\n\t<meta name=\"twitter:data1\" content=\"3 minutes\" \/>\n<script type=\"application\/ld+json\" class=\"yoast-schema-graph\">{\"@context\":\"https:\/\/schema.org\",\"@graph\":[{\"@type\":\"WebPage\",\"@id\":\"https:\/\/sequal.nz\/vi\/su-ben-vung\/\",\"url\":\"https:\/\/sequal.nz\/vi\/su-ben-vung\/\",\"name\":\"S\u1ef1 b\u1ec1n v\u1eefng - Sequal Lumber Global Lumber Supplier\",\"isPartOf\":{\"@id\":\"https:\/\/sequal.nz\/vi\/#website\"},\"datePublished\":\"2019-07-15T03:32:43+00:00\",\"dateModified\":\"2023-11-22T08:45:08+00:00\",\"description\":\"Ch\u00fang t\u00f4i tin t\u01b0\u1edfng r\u1eb1ng ch\u00fang t\u00f4i c\u00f3 ngh\u0129a v\u1ee5 trao th\u00eam cho t\u01b0\u01a1ng lai. V\u00ec t\u01b0\u01a1ng lai im l\u1eb7ng, tr\u00e1ch nhi\u1ec7m c\u1ee7a ch\u00fang t\u00f4i l\u00e0 c\u1ea5t ti\u1ebfng thay cho t\u01b0\u01a1ng lai. Ni\u1ec1m tin n\u00e0y xu\u1ea5t ph\u00e1t t\u1eeb nh\u1eefng gi\u00e1 tr\u1ecb c\u1ee7a Whakapapa (k\u1ebf th\u1eeba), Kaitiakitanga (b\u1ea3o v\u1ec7) v\u00e0 He Tangata (con ng\u01b0\u1eddi), v\u1ed1n l\u00e0 m\u1ed9t ph\u1ea7n c\u1ee7a v\u0103n h\u00f3a c\u1ee7a ch\u00fang t\u00f4i qua nhi\u1ec1u th\u1ebf h\u1ec7.\",\"breadcrumb\":{\"@id\":\"https:\/\/sequal.nz\/vi\/su-ben-vung\/#breadcrumb\"},\"inLanguage\":\"vi-VN\",\"potentialAction\":[{\"@type\":\"ReadAction\",\"target\":[\"https:\/\/sequal.nz\/vi\/su-ben-vung\/\"]}]},{\"@type\":\"BreadcrumbList\",\"@id\":\"https:\/\/sequal.nz\/vi\/su-ben-vung\/#breadcrumb\",\"itemListElement\":[{\"@type\":\"ListItem\",\"position\":1,\"name\":\"Home\",\"item\":\"https:\/\/sequal.nz\/vi\/\"},{\"@type\":\"ListItem\",\"position\":2,\"name\":\"S\u1ef1 b\u1ec1n v\u1eefng\"}]},{\"@type\":\"WebSite\",\"@id\":\"https:\/\/sequal.nz\/vi\/#website\",\"url\":\"https:\/\/sequal.nz\/vi\/\",\"name\":\"Sequal\",\"description\":\"Give More\",\"publisher\":{\"@id\":\"https:\/\/sequal.nz\/vi\/#organization\"},\"potentialAction\":[{\"@type\":\"SearchAction\",\"target\":{\"@type\":\"EntryPoint\",\"urlTemplate\":\"https:\/\/sequal.nz\/vi\/?s={search_term_string}\"},\"query-input\":{\"@type\":\"PropertyValueSpecification\",\"valueRequired\":true,\"valueName\":\"search_term_string\"}}],\"inLanguage\":\"vi-VN\"},{\"@type\":\"Organization\",\"@id\":\"https:\/\/sequal.nz\/vi\/#organization\",\"name\":\"Sequal Lumber Global Lumber Supplier\",\"url\":\"https:\/\/sequal.nz\/vi\/\",\"logo\":{\"@type\":\"ImageObject\",\"inLanguage\":\"vi-VN\",\"@id\":\"https:\/\/sequal.nz\/vi\/#\/schema\/logo\/image\/\",\"url\":\"https:\/\/sequal.nz\/wp-content\/uploads\/2019\/01\/image-1.png\",\"contentUrl\":\"https:\/\/sequal.nz\/wp-content\/uploads\/2019\/01\/image-1.png\",\"width\":155,\"height\":159,\"caption\":\"Sequal Lumber Global Lumber Supplier\"},\"image\":{\"@id\":\"https:\/\/sequal.nz\/vi\/#\/schema\/logo\/image\/\"},\"sameAs\":[\"https:\/\/www.facebook.com\/sequallumber\/\"]}]}<\/script>\n<!-- \/ Yoast SEO plugin. -->","yoast_head_json":{"title":"S\u1ef1 b\u1ec1n v\u1eefng - Sequal Lumber Global Lumber Supplier","description":"Ch\u00fang t\u00f4i tin t\u01b0\u1edfng r\u1eb1ng ch\u00fang t\u00f4i c\u00f3 ngh\u0129a v\u1ee5 trao th\u00eam cho t\u01b0\u01a1ng lai. V\u00ec t\u01b0\u01a1ng lai im l\u1eb7ng, tr\u00e1ch nhi\u1ec7m c\u1ee7a ch\u00fang t\u00f4i l\u00e0 c\u1ea5t ti\u1ebfng thay cho t\u01b0\u01a1ng lai. Ni\u1ec1m tin n\u00e0y xu\u1ea5t ph\u00e1t t\u1eeb nh\u1eefng gi\u00e1 tr\u1ecb c\u1ee7a Whakapapa (k\u1ebf th\u1eeba), Kaitiakitanga (b\u1ea3o v\u1ec7) v\u00e0 He Tangata (con ng\u01b0\u1eddi), v\u1ed1n l\u00e0 m\u1ed9t ph\u1ea7n c\u1ee7a v\u0103n h\u00f3a c\u1ee7a ch\u00fang t\u00f4i qua nhi\u1ec1u th\u1ebf h\u1ec7.","robots":{"index":"index","follow":"follow","max-snippet":"max-snippet:-1","max-image-preview":"max-image-preview:large","max-video-preview":"max-video-preview:-1"},"canonical":"https:\/\/sequal.nz\/vi\/su-ben-vung\/","og_locale":"vi_VN","og_type":"article","og_title":"S\u1ef1 b\u1ec1n v\u1eefng - Sequal Lumber Global Lumber Supplier","og_description":"Ch\u00fang t\u00f4i tin t\u01b0\u1edfng r\u1eb1ng ch\u00fang t\u00f4i c\u00f3 ngh\u0129a v\u1ee5 trao th\u00eam cho t\u01b0\u01a1ng lai. V\u00ec t\u01b0\u01a1ng lai im l\u1eb7ng, tr\u00e1ch nhi\u1ec7m c\u1ee7a ch\u00fang t\u00f4i l\u00e0 c\u1ea5t ti\u1ebfng thay cho t\u01b0\u01a1ng lai. Ni\u1ec1m tin n\u00e0y xu\u1ea5t ph\u00e1t t\u1eeb nh\u1eefng gi\u00e1 tr\u1ecb c\u1ee7a Whakapapa (k\u1ebf th\u1eeba), Kaitiakitanga (b\u1ea3o v\u1ec7) v\u00e0 He Tangata (con ng\u01b0\u1eddi), v\u1ed1n l\u00e0 m\u1ed9t ph\u1ea7n c\u1ee7a v\u0103n h\u00f3a c\u1ee7a ch\u00fang t\u00f4i qua nhi\u1ec1u th\u1ebf h\u1ec7.","og_url":"https:\/\/sequal.nz\/vi\/su-ben-vung\/","og_site_name":"Sequal Lumber Global Lumber Supplier","article_publisher":"https:\/\/www.facebook.com\/sequallumber\/","article_modified_time":"2023-11-22T08:45:08+00:00","twitter_card":"summary_large_image","twitter_misc":{"Est. reading time":"3 minutes"},"schema":{"@context":"https:\/\/schema.org","@graph":[{"@type":"WebPage","@id":"https:\/\/sequal.nz\/vi\/su-ben-vung\/","url":"https:\/\/sequal.nz\/vi\/su-ben-vung\/","name":"S\u1ef1 b\u1ec1n v\u1eefng - Sequal Lumber Global Lumber Supplier","isPartOf":{"@id":"https:\/\/sequal.nz\/vi\/#website"},"datePublished":"2019-07-15T03:32:43+00:00","dateModified":"2023-11-22T08:45:08+00:00","description":"Ch\u00fang t\u00f4i tin t\u01b0\u1edfng r\u1eb1ng ch\u00fang t\u00f4i c\u00f3 ngh\u0129a v\u1ee5 trao th\u00eam cho t\u01b0\u01a1ng lai. V\u00ec t\u01b0\u01a1ng lai im l\u1eb7ng, tr\u00e1ch nhi\u1ec7m c\u1ee7a ch\u00fang t\u00f4i l\u00e0 c\u1ea5t ti\u1ebfng thay cho t\u01b0\u01a1ng lai. Ni\u1ec1m tin n\u00e0y xu\u1ea5t ph\u00e1t t\u1eeb nh\u1eefng gi\u00e1 tr\u1ecb c\u1ee7a Whakapapa (k\u1ebf th\u1eeba), Kaitiakitanga (b\u1ea3o v\u1ec7) v\u00e0 He Tangata (con ng\u01b0\u1eddi), v\u1ed1n l\u00e0 m\u1ed9t ph\u1ea7n c\u1ee7a v\u0103n h\u00f3a c\u1ee7a ch\u00fang t\u00f4i qua nhi\u1ec1u th\u1ebf h\u1ec7.","breadcrumb":{"@id":"https:\/\/sequal.nz\/vi\/su-ben-vung\/#breadcrumb"},"inLanguage":"vi-VN","potentialAction":[{"@type":"ReadAction","target":["https:\/\/sequal.nz\/vi\/su-ben-vung\/"]}]},{"@type":"BreadcrumbList","@id":"https:\/\/sequal.nz\/vi\/su-ben-vung\/#breadcrumb","itemListElement":[{"@type":"ListItem","position":1,"name":"Home","item":"https:\/\/sequal.nz\/vi\/"},{"@type":"ListItem","position":2,"name":"S\u1ef1 b\u1ec1n v\u1eefng"}]},{"@type":"WebSite","@id":"https:\/\/sequal.nz\/vi\/#website","url":"https:\/\/sequal.nz\/vi\/","name":"Sequal","description":"Give More","publisher":{"@id":"https:\/\/sequal.nz\/vi\/#organization"},"potentialAction":[{"@type":"SearchAction","target":{"@type":"EntryPoint","urlTemplate":"https:\/\/sequal.nz\/vi\/?s={search_term_string}"},"query-input":{"@type":"PropertyValueSpecification","valueRequired":true,"valueName":"search_term_string"}}],"inLanguage":"vi-VN"},{"@type":"Organization","@id":"https:\/\/sequal.nz\/vi\/#organization","name":"Sequal Lumber Global Lumber Supplier","url":"https:\/\/sequal.nz\/vi\/","logo":{"@type":"ImageObject","inLanguage":"vi-VN","@id":"https:\/\/sequal.nz\/vi\/#\/schema\/logo\/image\/","url":"https:\/\/sequal.nz\/wp-content\/uploads\/2019\/01\/image-1.png","contentUrl":"https:\/\/sequal.nz\/wp-content\/uploads\/2019\/01\/image-1.png","width":155,"height":159,"caption":"Sequal Lumber Global Lumber Supplier"},"image":{"@id":"https:\/\/sequal.nz\/vi\/#\/schema\/logo\/image\/"},"sameAs":["https:\/\/www.facebook.com\/sequallumber\/"]}]}},"_links":{"self":[{"href":"https:\/\/sequal.nz\/vi\/wp-json\/wp\/v2\/pages\/6840","targetHints":{"allow":["GET"]}}],"collection":[{"href":"https:\/\/sequal.nz\/vi\/wp-json\/wp\/v2\/pages"}],"about":[{"href":"https:\/\/sequal.nz\/vi\/wp-json\/wp\/v2\/types\/page"}],"author":[{"embeddable":true,"href":"https:\/\/sequal.nz\/vi\/wp-json\/wp\/v2\/users\/4"}],"replies":[{"embeddable":true,"href":"https:\/\/sequal.nz\/vi\/wp-json\/wp\/v2\/comments?post=6840"}],"version-history":[{"count":10,"href":"https:\/\/sequal.nz\/vi\/wp-json\/wp\/v2\/pages\/6840\/revisions"}],"predecessor-version":[{"id":9915,"href":"https:\/\/sequal.nz\/vi\/wp-json\/wp\/v2\/pages\/6840\/revisions\/9915"}],"wp:attachment":[{"href":"https:\/\/sequal.nz\/vi\/wp-json\/wp\/v2\/media?parent=6840"}],"curies":[{"name":"wp","href":"https:\/\/api.w.org\/{rel}","templated":true}]}}