{"id":6847,"date":"2019-07-15T03:58:33","date_gmt":"2019-07-15T03:58:33","guid":{"rendered":"https:\/\/sequallumber.co.nz\/san-pham\/"},"modified":"2023-11-22T21:45:08","modified_gmt":"2023-11-22T08:45:08","slug":"san-pham","status":"publish","type":"page","link":"https:\/\/sequal.nz\/vi\/san-pham\/","title":{"rendered":"S\u1ea3n ph\u1ea9m"},"content":{"rendered":"<section class=\"l-section wpb_row page_common_head  height_medium full_height valign_center with_img parallax_ver\"><div class=\"l-section-img\" role=\"img\" data-img-width=\"1920\" data-img-height=\"1003\" style=\"background-image: url(https:\/\/sequal.nz\/wp-content\/uploads\/2019\/01\/Home_Our-Product.jpg);\"><\/div><div class=\"l-section-h i-cf\"><div class=\"g-cols vc_row via_flex valign_middle type_default stacking_default\"><div class=\"vc_col-sm-12 wpb_column vc_column_container has_text_color\"><div class=\"vc_column-inner us_custom_6df4bc3a\"><div class=\"wpb_wrapper\"><div class=\"wpb_text_column\"><div class=\"wpb_wrapper\"><h1 style=\"text-align: center;\">CUNG \u1ee8NG KH\u00d4NG CH\u1ec8 G\u1ed6<\/h1>\n<h4 style=\"text-align: center;\">S\u1ea2N PH\u1ea8M<\/h4>\n<\/div><\/div><\/div><\/div><\/div><\/div><\/div><\/section><section class=\"l-section wpb_row page_bouncing_arrow height_auto\"><div class=\"l-section-h i-cf\"><div class=\"g-cols vc_row via_flex valign_middle type_default stacking_default\"><div class=\"vc_col-sm-12 wpb_column vc_column_container\"><div class=\"vc_column-inner\"><div class=\"wpb_wrapper\"><div class=\"w-image align_center\"><a href=\"#page-scroll-arrow\" aria-label=\"Down-Arrow\" class=\"w-image-h\"><img decoding=\"async\" width=\"27\" height=\"50\" src=\"https:\/\/sequal.nz\/wp-content\/uploads\/2018\/01\/Down-Arrow.png\" class=\"attachment-full size-full\" alt=\"\" loading=\"lazy\" \/><\/a><\/div><\/div><\/div><\/div><\/div><\/div><\/section><section class=\"l-section wpb_row mmcounts main_pagehead height_auto\" id=\"page-scroll-arrow\"><div class=\"l-section-h i-cf\"><div class=\"g-cols vc_row via_flex valign_top type_default stacking_default\"><div class=\"vc_col-sm-12 wpb_column vc_column_container\"><div class=\"vc_column-inner\"><div class=\"wpb_wrapper\"><div class=\"g-cols wpb_row via_flex valign_top type_default stacking_default\"><div class=\"vc_col-sm-12 wpb_column vc_column_container has_bg_color\"><div class=\"vc_column-inner us_custom_ea5953ad\"><div class=\"wpb_wrapper\"><div class=\"ult-spacer spacer-69e74aa2b719c\" data-id=\"69e74aa2b719c\" data-height=\"280\" data-height-mobile=\"200\" data-height-tab=\"\" data-height-tab-portrait=\"\" data-height-mobile-landscape=\"200\" style=\"clear:both;display:block;\"><\/div><\/div><\/div><\/div><\/div><div class=\"ult-spacer spacer-69e74aa2b71f1\" data-id=\"69e74aa2b71f1\" data-height=\"60\" data-height-mobile=\"60\" data-height-tab=\"60\" data-height-tab-portrait=\"\" data-height-mobile-landscape=\"\" style=\"clear:both;display:block;\"><\/div><div class=\"g-cols wpb_row via_flex valign_top type_default stacking_default\"><div class=\"vc_col-sm-1 vc_hidden-xs wpb_column vc_column_container\"><div class=\"vc_column-inner\"><div class=\"wpb_wrapper\"><div class=\"w-separator size_custom\" style=\"height:32px\"><\/div><\/div><\/div><\/div><div class=\"vc_col-sm-10 wpb_column vc_column_container\"><div class=\"vc_column-inner\"><div class=\"wpb_wrapper\"><div class=\"wpb_text_column\"><div class=\"wpb_wrapper\"><h2 style=\"text-align: center;\">T\u1eeaNG MILIMET \u0110\u1ec0U C\u00d3 GI\u00c1 TR\u1eca<\/h2>\n<h5 style=\"text-align: center;\">Ch\u00fang t\u00f4i cam k\u1ebft cung \u1ee9ng g\u1ed7 th\u00f4ng theo m\u1ecdi quy c\u00e1ch &#8211; c\u1eaft v\u00e0 giao \u0111\u00fang theo nhu c\u1ea7u c\u1ee7a qu\u00fd kh\u00e1ch, gi\u1ea3m thi\u1ec3u l\u00e3ng ph\u00ed.<\/h5>\n<h5 style=\"text-align: center;\">K\u00edch th\u01b0\u1edbc, lo\u1ea1i g\u1ed7 \u0111\u01b0\u1ee3c t\u00f9y bi\u1ebfn theo y\u00eau c\u1ea7u, giao h\u00e0ng k\u1ecbp th\u1eddi.<\/h5>\n<\/div><\/div><\/div><\/div><\/div><div class=\"vc_col-sm-1 vc_hidden-xs wpb_column vc_column_container\"><div class=\"vc_column-inner\"><div class=\"wpb_wrapper\"><\/div><\/div><\/div><\/div><div class=\"ult-spacer spacer-69e74aa2b7cbc\" data-id=\"69e74aa2b7cbc\" data-height=\"100\" data-height-mobile=\"40\" data-height-tab=\"60\" data-height-tab-portrait=\"60\" data-height-mobile-landscape=\"40\" style=\"clear:both;display:block;\"><\/div><\/div><\/div><\/div><\/div><\/div><\/section><section class=\"l-section wpb_row slide_inner height_auto width_full\"><div class=\"l-section-h i-cf\"><div class=\"g-cols vc_row via_flex valign_top type_default stacking_default\"><div class=\"vc_col-sm-12 wpb_column vc_column_container\"><div class=\"vc_column-inner\"><div class=\"wpb_wrapper\">[rev_slider_vc alias=&#8221;product-main-slider&#8221;]<\/div><\/div><\/div><\/div><\/div><\/section><section class=\"l-section wpb_row height_medium\"><div class=\"l-section-h i-cf\"><div class=\"g-cols vc_row via_flex valign_top type_default stacking_default\"><div class=\"vc_col-sm-12 wpb_column vc_column_container\"><div class=\"vc_column-inner\"><div class=\"wpb_wrapper\"><div class=\"wpb_text_column estimate-waste\"><div class=\"wpb_wrapper\"><h2><span style=\"color: #d6c200;\">GI\u1ea2M THI\u1ec2U L\u00c3NG PH\u00cd<\/span> \u0110\u1ec2 GIA T\u0102NG GI\u00c1 TR\u1eca<\/h2>\n<h5>G\u1ed7 c\u1ee7a Sequal \u0111\u01b0\u1ee3c s\u1eed d\u1ee5ng \u0111\u1ec3 s\u1ea3n xu\u1ea5t \u0111\u1ed3 d\u00f9ng n\u1ed9i th\u1ea5t, \u0111\u00f3ng g\u00f3i v\u00e0 g\u1ed7 x\u00e2y d\u1ef1ng. Cam k\u1ebft cung \u1ee9ng g\u1ed7 theo y\u00eau c\u1ea7u gi\u00fap ch\u00fang t\u00f4i c\u1eaft gi\u1ea3m vi\u1ec7c t\u00e1i x\u1eed l\u00fd g\u1ed7, gi\u00fap gi\u1ea3m thi\u1ec3u hao h\u1ee5t v\u00e0 chi ph\u00ed cho kh\u00e1ch h\u00e0ng.<\/h5>\n<h5>Gi\u1ed1ng nh\u01b0 l\u1eddi h\u1ee9a v\u1ec1 l\u1ee3i \u00edch c\u1ee7a cung \u1ee9ng g\u1ed7 theo y\u00eau c\u1ea7u, ch\u00fang t\u00f4i hi\u1ec3u r\u1eb1ng giao h\u00e0ng \u0111\u00fang th\u1eddi gian l\u00e0 c\u1ef1c k\u1ef3 quan tr\u1ecdng v\u00e0 do \u0111\u00f3 ch\u00fang t\u00f4i lu\u00f4n n\u1ed7 l\u1ef1c giao h\u00e0ng k\u1ecbp th\u1eddi.<\/h5>\n<h3><\/h3>\n<\/div><\/div><\/div><\/div><\/div><\/div><\/div><\/section><section class=\"l-section wpb_row column1_section primary_heading height_auto width_full\"><div class=\"l-section-h i-cf\"><div class=\"g-cols vc_row via_flex valign_middle type_default stacking_default\"><div class=\"vc_col-sm-12 wpb_column vc_column_container\"><div class=\"vc_column-inner\"><div class=\"wpb_wrapper\"><div class=\"g-cols wpb_row primary_title via_flex valign_middle type_boxes stacking_default\"><div class=\"vc_col-sm-3 wpb_column vc_column_container has_bg_color\"><div class=\"vc_column-inner us_custom_98a4bcb8\"><div class=\"wpb_wrapper\"><div class=\"ult-spacer spacer-69e74aa2b908d\" data-id=\"69e74aa2b908d\" data-height=\"250\" data-height-mobile=\"250\" data-height-tab=\"250\" data-height-tab-portrait=\"\" data-height-mobile-landscape=\"\" style=\"clear:both;display:block;\"><\/div><\/div><\/div><\/div><div class=\"vc_col-sm-3 wpb_column vc_column_container has_bg_color\"><div class=\"vc_column-inner us_custom_6e4cd789\"><div class=\"wpb_wrapper\"><div class=\"wpb_text_column\"><div class=\"wpb_wrapper\"><h4>G\u1ed7 th\u00f4ng Radiata t\u1eeb New Zealand<\/h4>\n<p>G\u1ed7 th\u00f4ng Radiata l\u00e0 lo\u00e0i g\u1ed7 m\u1ec1m b\u1ec1n b\u1ec9, \u0111\u01b0\u1ee3c khai th\u00e1c m\u1ed9t c\u00e1ch b\u1ec1n v\u1eefng, l\u1edbn nhanh v\u00e0 t\u00ednh \u1ee9ng d\u1ee5ng cao. <a href=\"\/?p=2209\">B\u1ea5m v\u00e0o \u0111\u00e2y \u0111\u1ec3 t\u00ecm hi\u1ec3u th\u00eam.<\/a><\/p>\n<\/div><\/div><\/div><\/div><\/div><div class=\"vc_col-sm-3 wpb_column vc_column_container has_bg_color\"><div class=\"vc_column-inner us_custom_461147d1\"><div class=\"wpb_wrapper\"><div class=\"ult-spacer spacer-69e74aa2b95ff\" data-id=\"69e74aa2b95ff\" data-height=\"250\" data-height-mobile=\"250\" data-height-tab=\"250\" data-height-tab-portrait=\"\" data-height-mobile-landscape=\"\" style=\"clear:both;display:block;\"><\/div><\/div><\/div><\/div><div class=\"vc_col-sm-3 wpb_column vc_column_container has_bg_color\"><div class=\"vc_column-inner us_custom_6e4cd789\"><div class=\"wpb_wrapper\"><div class=\"wpb_text_column\"><div class=\"wpb_wrapper\"><h4>C\u1eaft theo quy c\u00e1ch<\/h4>\n<p>C\u1eaft theo y\u00eau c\u1ea7u t\u1ee9c l\u00e0 ch\u00fang t\u00f4i cam k\u1ebft cung \u1ee9ng g\u1ed7 theo k\u00edch th\u01b0\u1edbc \u0111\u1ec3 t\u1ed1i \u01b0u h\u00f3a qu\u00e1 tr\u00ecnh s\u1ea3n xu\u1ea5t c\u1ee7a kh\u00e1ch h\u00e0ng, kh\u00f4ng ph\u1ea3i c\u1ee7a nh\u00e0 m\u00e1y ch\u00fang t\u00f4i.<\/p>\n<\/div><\/div><\/div><\/div><\/div><\/div><div class=\"w-image img_left align_none\"><div class=\"w-image-h\"><img decoding=\"async\" width=\"150\" height=\"143\" src=\"https:\/\/sequal.nz\/wp-content\/uploads\/2018\/08\/Image2.png\" class=\"attachment-full size-full\" alt=\"\" loading=\"lazy\" \/><\/div><\/div><div class=\"w-image img_right align_none\"><div class=\"w-image-h\"><img decoding=\"async\" width=\"390\" height=\"157\" src=\"https:\/\/sequal.nz\/wp-content\/uploads\/2018\/08\/Image4.png\" class=\"attachment-full size-full\" alt=\"\" loading=\"lazy\" srcset=\"https:\/\/sequal.nz\/wp-content\/uploads\/2018\/08\/Image4.png 390w, https:\/\/sequal.nz\/wp-content\/uploads\/2018\/08\/Image4-300x121.png 300w\" sizes=\"auto, (max-width: 390px) 100vw, 390px\" \/><\/div><\/div><div class=\"g-cols wpb_row bottom_square via_flex valign_middle type_boxes stacking_default\"><div class=\"vc_col-sm-3 wpb_column vc_column_container has_bg_color\"><div class=\"vc_column-inner us_custom_7309992b\"><div class=\"wpb_wrapper\"><div class=\"wpb_text_column\"><div class=\"wpb_wrapper\"><h4>\u0110\u1ed1i t\u00e1c<\/h4>\n<p>X\u00e2y d\u1ef1ng \u0111\u1ed1i t\u00e1c tr\u00ean to\u00e0n c\u1ea7u l\u00e0 c\u00f4ng vi\u1ec7c r\u1ea5t \u00fd ngh\u0129a trong kinh doanh. D\u00f9 l\u00e0 m\u1ed1i quan h\u1ec7 v\u1edbi nh\u00e0 cung \u1ee9ng hay kh\u00e1ch h\u00e0ng, s\u1ef1 h\u1ee3p t\u00e1c \u0111\u01b0\u1ee3c c\u1ee7ng c\u1ed1 qua th\u1eddi gian t\u1eeb vi\u1ec7c th\u1ea5u hi\u1ec3u nhu c\u1ea7u, th\u1ef1c hi\u1ec7n l\u1eddi h\u1ee9a v\u00e0 x\u00e2y d\u1ef1ng s\u1ef1 tin t\u01b0\u1edfng.<\/p>\n<\/div><\/div><\/div><\/div><\/div><div class=\"vc_col-sm-3 wpb_column vc_column_container has_bg_color\"><div class=\"vc_column-inner us_custom_26742790\"><div class=\"wpb_wrapper\"><div class=\"ult-spacer spacer-69e74aa2bb3a7\" data-id=\"69e74aa2bb3a7\" data-height=\"250\" data-height-mobile=\"250\" data-height-tab=\"250\" data-height-tab-portrait=\"\" data-height-mobile-landscape=\"\" style=\"clear:both;display:block;\"><\/div><\/div><\/div><\/div><div class=\"vc_col-sm-3 wpb_column vc_column_container\"><div class=\"vc_column-inner\"><div class=\"wpb_wrapper\"><div class=\"wpb_text_column\"><div class=\"wpb_wrapper\"><h4>Giao h\u00e0ng<\/h4>\n<p>Ch\u00fang t\u00f4i hi\u1ec3u r\u1eb1ng gi\u1eef h\u00e0ng t\u1ed3n kho r\u1ea5t t\u1ed1n k\u00e9m, do \u0111\u00f3 ch\u00fang t\u00f4i giao h\u00e0ng nhi\u1ec1u h\u01a1n hay \u00edt h\u01a1n \u0111\u1ec3 ph\u00f9 h\u1ee3p v\u1edbi nhu c\u1ea7u s\u1eed d\u1ee5ng c\u1ee7a kh\u00e1ch h\u00e0ng. M\u1ee5c ti\u00eau c\u1ee7a ch\u00fang t\u00f4i l\u00e0 giao h\u00e0ng \u0111\u00fang s\u1ed1 l\u01b0\u1ee3ng v\u00e0 lo\u1ea1i g\u1ed7, v\u00e0o \u0111\u00fang th\u1eddi gian v\u00e0 \u0111\u1ecba \u0111i\u1ec3m v\u1edbi y\u00eau c\u1ea7u c\u1ee7a kh\u00e1ch h\u00e0ng.<\/p>\n<\/div><\/div><\/div><\/div><\/div><div class=\"vc_col-sm-3 wpb_column vc_column_container has_bg_color\"><div class=\"vc_column-inner us_custom_bec91ae2\"><div class=\"wpb_wrapper\"><div class=\"ult-spacer spacer-69e74aa2bb8ec\" data-id=\"69e74aa2bb8ec\" data-height=\"250\" data-height-mobile=\"250\" data-height-tab=\"250\" data-height-tab-portrait=\"\" data-height-mobile-landscape=\"\" style=\"clear:both;display:block;\"><\/div><\/div><\/div><\/div><\/div><\/div><\/div><\/div><\/div><\/div><\/section>\n","protected":false},"excerpt":{"rendered":"CUNG \u1ee8NG KH\u00d4NG CH\u1ec8 G\u1ed6 S\u1ea2N PH\u1ea8M T\u1eeaNG MILIMET \u0110\u1ec0U C\u00d3 GI\u00c1 TR\u1eca Ch\u00fang t\u00f4i cam k\u1ebft cung \u1ee9ng g\u1ed7 th\u00f4ng theo m\u1ecdi quy c\u00e1ch &#8211; c\u1eaft v\u00e0 giao \u0111\u00fang theo nhu c\u1ea7u c\u1ee7a qu\u00fd kh\u00e1ch, gi\u1ea3m thi\u1ec3u l\u00e3ng ph\u00ed. K\u00edch th\u01b0\u1edbc, lo\u1ea1i g\u1ed7 \u0111\u01b0\u1ee3c t\u00f9y bi\u1ebfn theo y\u00eau c\u1ea7u, giao h\u00e0ng k\u1ecbp th\u1eddi. [rev_slider_vc...","protected":false},"author":4,"featured_media":0,"parent":0,"menu_order":29,"comment_status":"closed","ping_status":"closed","template":"","meta":{"content-type":"","_joinchat":[],"footnotes":""},"class_list":["post-6847","page","type-page","status-publish","hentry"],"yoast_head":"<!-- This site is optimized with the Yoast SEO plugin v27.0 - https:\/\/yoast.com\/product\/yoast-seo-wordpress\/ -->\n<title>S\u1ea3n ph\u1ea9m - Sequal Lumber Global Lumber Supplier<\/title>\n<meta name=\"description\" content=\"Ch\u00fang t\u00f4i cam k\u1ebft cung \u1ee9ng g\u1ed7 th\u00f4ng theo m\u1ecdi quy c\u00e1ch - c\u1eaft v\u00e0 giao \u0111\u00fang theo nhu c\u1ea7u c\u1ee7a qu\u00fd kh\u00e1ch, gi\u1ea3m thi\u1ec3u l\u00e3ng ph\u00ed. K\u00edch th\u01b0\u1edbc, lo\u1ea1i g\u1ed7 \u0111\u01b0\u1ee3c t\u00f9y bi\u1ebfn theo y\u00eau c\u1ea7u, giao h\u00e0ng k\u1ecbp th\u1eddi. Sequal Lumber l\u00e0 c\u00f4ng ty cung c\u1ea5p g\u1ed7 th\u00f4ng Radiata h\u00e0ng \u0111\u1ea7u c\u1ee7a New Zealand\" \/>\n<meta name=\"robots\" content=\"index, follow, max-snippet:-1, max-image-preview:large, max-video-preview:-1\" \/>\n<link rel=\"canonical\" href=\"https:\/\/sequal.nz\/vi\/san-pham\/\" \/>\n<meta property=\"og:locale\" content=\"vi_VN\" \/>\n<meta property=\"og:type\" content=\"article\" \/>\n<meta property=\"og:title\" content=\"S\u1ea3n ph\u1ea9m - Sequal Lumber Global Lumber Supplier\" \/>\n<meta property=\"og:description\" content=\"Ch\u00fang t\u00f4i cam k\u1ebft cung \u1ee9ng g\u1ed7 th\u00f4ng theo m\u1ecdi quy c\u00e1ch - c\u1eaft v\u00e0 giao \u0111\u00fang theo nhu c\u1ea7u c\u1ee7a qu\u00fd kh\u00e1ch, gi\u1ea3m thi\u1ec3u l\u00e3ng ph\u00ed. K\u00edch th\u01b0\u1edbc, lo\u1ea1i g\u1ed7 \u0111\u01b0\u1ee3c t\u00f9y bi\u1ebfn theo y\u00eau c\u1ea7u, giao h\u00e0ng k\u1ecbp th\u1eddi. Sequal Lumber l\u00e0 c\u00f4ng ty cung c\u1ea5p g\u1ed7 th\u00f4ng Radiata h\u00e0ng \u0111\u1ea7u c\u1ee7a New Zealand\" \/>\n<meta property=\"og:url\" content=\"https:\/\/sequal.nz\/vi\/san-pham\/\" \/>\n<meta property=\"og:site_name\" content=\"Sequal Lumber Global Lumber Supplier\" \/>\n<meta property=\"article:publisher\" content=\"https:\/\/www.facebook.com\/sequallumber\/\" \/>\n<meta property=\"article:modified_time\" content=\"2023-11-22T08:45:08+00:00\" \/>\n<meta name=\"twitter:card\" content=\"summary_large_image\" \/>\n<meta name=\"twitter:label1\" content=\"Est. reading time\" \/>\n\t<meta name=\"twitter:data1\" content=\"6 minutes\" \/>\n<script type=\"application\/ld+json\" class=\"yoast-schema-graph\">{\"@context\":\"https:\/\/schema.org\",\"@graph\":[{\"@type\":\"WebPage\",\"@id\":\"https:\/\/sequal.nz\/vi\/san-pham\/\",\"url\":\"https:\/\/sequal.nz\/vi\/san-pham\/\",\"name\":\"S\u1ea3n ph\u1ea9m - Sequal Lumber Global Lumber Supplier\",\"isPartOf\":{\"@id\":\"https:\/\/sequal.nz\/vi\/#website\"},\"datePublished\":\"2019-07-15T03:58:33+00:00\",\"dateModified\":\"2023-11-22T08:45:08+00:00\",\"description\":\"Ch\u00fang t\u00f4i cam k\u1ebft cung \u1ee9ng g\u1ed7 th\u00f4ng theo m\u1ecdi quy c\u00e1ch - c\u1eaft v\u00e0 giao \u0111\u00fang theo nhu c\u1ea7u c\u1ee7a qu\u00fd kh\u00e1ch, gi\u1ea3m thi\u1ec3u l\u00e3ng ph\u00ed. K\u00edch th\u01b0\u1edbc, lo\u1ea1i g\u1ed7 \u0111\u01b0\u1ee3c t\u00f9y bi\u1ebfn theo y\u00eau c\u1ea7u, giao h\u00e0ng k\u1ecbp th\u1eddi. Sequal Lumber l\u00e0 c\u00f4ng ty cung c\u1ea5p g\u1ed7 th\u00f4ng Radiata h\u00e0ng \u0111\u1ea7u c\u1ee7a New Zealand\",\"breadcrumb\":{\"@id\":\"https:\/\/sequal.nz\/vi\/san-pham\/#breadcrumb\"},\"inLanguage\":\"vi-VN\",\"potentialAction\":[{\"@type\":\"ReadAction\",\"target\":[\"https:\/\/sequal.nz\/vi\/san-pham\/\"]}]},{\"@type\":\"BreadcrumbList\",\"@id\":\"https:\/\/sequal.nz\/vi\/san-pham\/#breadcrumb\",\"itemListElement\":[{\"@type\":\"ListItem\",\"position\":1,\"name\":\"Home\",\"item\":\"https:\/\/sequal.nz\/vi\/\"},{\"@type\":\"ListItem\",\"position\":2,\"name\":\"S\u1ea3n ph\u1ea9m\"}]},{\"@type\":\"WebSite\",\"@id\":\"https:\/\/sequal.nz\/vi\/#website\",\"url\":\"https:\/\/sequal.nz\/vi\/\",\"name\":\"Sequal\",\"description\":\"Give More\",\"publisher\":{\"@id\":\"https:\/\/sequal.nz\/vi\/#organization\"},\"potentialAction\":[{\"@type\":\"SearchAction\",\"target\":{\"@type\":\"EntryPoint\",\"urlTemplate\":\"https:\/\/sequal.nz\/vi\/?s={search_term_string}\"},\"query-input\":{\"@type\":\"PropertyValueSpecification\",\"valueRequired\":true,\"valueName\":\"search_term_string\"}}],\"inLanguage\":\"vi-VN\"},{\"@type\":\"Organization\",\"@id\":\"https:\/\/sequal.nz\/vi\/#organization\",\"name\":\"Sequal Lumber Global Lumber Supplier\",\"url\":\"https:\/\/sequal.nz\/vi\/\",\"logo\":{\"@type\":\"ImageObject\",\"inLanguage\":\"vi-VN\",\"@id\":\"https:\/\/sequal.nz\/vi\/#\/schema\/logo\/image\/\",\"url\":\"https:\/\/sequal.nz\/wp-content\/uploads\/2019\/01\/image-1.png\",\"contentUrl\":\"https:\/\/sequal.nz\/wp-content\/uploads\/2019\/01\/image-1.png\",\"width\":155,\"height\":159,\"caption\":\"Sequal Lumber Global Lumber Supplier\"},\"image\":{\"@id\":\"https:\/\/sequal.nz\/vi\/#\/schema\/logo\/image\/\"},\"sameAs\":[\"https:\/\/www.facebook.com\/sequallumber\/\"]}]}<\/script>\n<!-- \/ Yoast SEO plugin. -->","yoast_head_json":{"title":"S\u1ea3n ph\u1ea9m - Sequal Lumber Global Lumber Supplier","description":"Ch\u00fang t\u00f4i cam k\u1ebft cung \u1ee9ng g\u1ed7 th\u00f4ng theo m\u1ecdi quy c\u00e1ch - c\u1eaft v\u00e0 giao \u0111\u00fang theo nhu c\u1ea7u c\u1ee7a qu\u00fd kh\u00e1ch, gi\u1ea3m thi\u1ec3u l\u00e3ng ph\u00ed. K\u00edch th\u01b0\u1edbc, lo\u1ea1i g\u1ed7 \u0111\u01b0\u1ee3c t\u00f9y bi\u1ebfn theo y\u00eau c\u1ea7u, giao h\u00e0ng k\u1ecbp th\u1eddi. Sequal Lumber l\u00e0 c\u00f4ng ty cung c\u1ea5p g\u1ed7 th\u00f4ng Radiata h\u00e0ng \u0111\u1ea7u c\u1ee7a New Zealand","robots":{"index":"index","follow":"follow","max-snippet":"max-snippet:-1","max-image-preview":"max-image-preview:large","max-video-preview":"max-video-preview:-1"},"canonical":"https:\/\/sequal.nz\/vi\/san-pham\/","og_locale":"vi_VN","og_type":"article","og_title":"S\u1ea3n ph\u1ea9m - Sequal Lumber Global Lumber Supplier","og_description":"Ch\u00fang t\u00f4i cam k\u1ebft cung \u1ee9ng g\u1ed7 th\u00f4ng theo m\u1ecdi quy c\u00e1ch - c\u1eaft v\u00e0 giao \u0111\u00fang theo nhu c\u1ea7u c\u1ee7a qu\u00fd kh\u00e1ch, gi\u1ea3m thi\u1ec3u l\u00e3ng ph\u00ed. K\u00edch th\u01b0\u1edbc, lo\u1ea1i g\u1ed7 \u0111\u01b0\u1ee3c t\u00f9y bi\u1ebfn theo y\u00eau c\u1ea7u, giao h\u00e0ng k\u1ecbp th\u1eddi. Sequal Lumber l\u00e0 c\u00f4ng ty cung c\u1ea5p g\u1ed7 th\u00f4ng Radiata h\u00e0ng \u0111\u1ea7u c\u1ee7a New Zealand","og_url":"https:\/\/sequal.nz\/vi\/san-pham\/","og_site_name":"Sequal Lumber Global Lumber Supplier","article_publisher":"https:\/\/www.facebook.com\/sequallumber\/","article_modified_time":"2023-11-22T08:45:08+00:00","twitter_card":"summary_large_image","twitter_misc":{"Est. reading time":"6 minutes"},"schema":{"@context":"https:\/\/schema.org","@graph":[{"@type":"WebPage","@id":"https:\/\/sequal.nz\/vi\/san-pham\/","url":"https:\/\/sequal.nz\/vi\/san-pham\/","name":"S\u1ea3n ph\u1ea9m - Sequal Lumber Global Lumber Supplier","isPartOf":{"@id":"https:\/\/sequal.nz\/vi\/#website"},"datePublished":"2019-07-15T03:58:33+00:00","dateModified":"2023-11-22T08:45:08+00:00","description":"Ch\u00fang t\u00f4i cam k\u1ebft cung \u1ee9ng g\u1ed7 th\u00f4ng theo m\u1ecdi quy c\u00e1ch - c\u1eaft v\u00e0 giao \u0111\u00fang theo nhu c\u1ea7u c\u1ee7a qu\u00fd kh\u00e1ch, gi\u1ea3m thi\u1ec3u l\u00e3ng ph\u00ed. K\u00edch th\u01b0\u1edbc, lo\u1ea1i g\u1ed7 \u0111\u01b0\u1ee3c t\u00f9y bi\u1ebfn theo y\u00eau c\u1ea7u, giao h\u00e0ng k\u1ecbp th\u1eddi. Sequal Lumber l\u00e0 c\u00f4ng ty cung c\u1ea5p g\u1ed7 th\u00f4ng Radiata h\u00e0ng \u0111\u1ea7u c\u1ee7a New Zealand","breadcrumb":{"@id":"https:\/\/sequal.nz\/vi\/san-pham\/#breadcrumb"},"inLanguage":"vi-VN","potentialAction":[{"@type":"ReadAction","target":["https:\/\/sequal.nz\/vi\/san-pham\/"]}]},{"@type":"BreadcrumbList","@id":"https:\/\/sequal.nz\/vi\/san-pham\/#breadcrumb","itemListElement":[{"@type":"ListItem","position":1,"name":"Home","item":"https:\/\/sequal.nz\/vi\/"},{"@type":"ListItem","position":2,"name":"S\u1ea3n ph\u1ea9m"}]},{"@type":"WebSite","@id":"https:\/\/sequal.nz\/vi\/#website","url":"https:\/\/sequal.nz\/vi\/","name":"Sequal","description":"Give More","publisher":{"@id":"https:\/\/sequal.nz\/vi\/#organization"},"potentialAction":[{"@type":"SearchAction","target":{"@type":"EntryPoint","urlTemplate":"https:\/\/sequal.nz\/vi\/?s={search_term_string}"},"query-input":{"@type":"PropertyValueSpecification","valueRequired":true,"valueName":"search_term_string"}}],"inLanguage":"vi-VN"},{"@type":"Organization","@id":"https:\/\/sequal.nz\/vi\/#organization","name":"Sequal Lumber Global Lumber Supplier","url":"https:\/\/sequal.nz\/vi\/","logo":{"@type":"ImageObject","inLanguage":"vi-VN","@id":"https:\/\/sequal.nz\/vi\/#\/schema\/logo\/image\/","url":"https:\/\/sequal.nz\/wp-content\/uploads\/2019\/01\/image-1.png","contentUrl":"https:\/\/sequal.nz\/wp-content\/uploads\/2019\/01\/image-1.png","width":155,"height":159,"caption":"Sequal Lumber Global Lumber Supplier"},"image":{"@id":"https:\/\/sequal.nz\/vi\/#\/schema\/logo\/image\/"},"sameAs":["https:\/\/www.facebook.com\/sequallumber\/"]}]}},"_links":{"self":[{"href":"https:\/\/sequal.nz\/vi\/wp-json\/wp\/v2\/pages\/6847","targetHints":{"allow":["GET"]}}],"collection":[{"href":"https:\/\/sequal.nz\/vi\/wp-json\/wp\/v2\/pages"}],"about":[{"href":"https:\/\/sequal.nz\/vi\/wp-json\/wp\/v2\/types\/page"}],"author":[{"embeddable":true,"href":"https:\/\/sequal.nz\/vi\/wp-json\/wp\/v2\/users\/4"}],"replies":[{"embeddable":true,"href":"https:\/\/sequal.nz\/vi\/wp-json\/wp\/v2\/comments?post=6847"}],"version-history":[{"count":7,"href":"https:\/\/sequal.nz\/vi\/wp-json\/wp\/v2\/pages\/6847\/revisions"}],"predecessor-version":[{"id":9916,"href":"https:\/\/sequal.nz\/vi\/wp-json\/wp\/v2\/pages\/6847\/revisions\/9916"}],"wp:attachment":[{"href":"https:\/\/sequal.nz\/vi\/wp-json\/wp\/v2\/media?parent=6847"}],"curies":[{"name":"wp","href":"https:\/\/api.w.org\/{rel}","templated":true}]}}